{"id":924,"date":"2022-01-15T21:38:39","date_gmt":"2022-01-15T21:38:39","guid":{"rendered":"https:\/\/www.feliwings.fi\/?page_id=924"},"modified":"2025-10-27T19:19:19","modified_gmt":"2025-10-27T19:19:19","slug":"vitospentue","status":"publish","type":"page","link":"https:\/\/www.feliwings.fi\/index.php\/vitospentue\/","title":{"rendered":"Vitospentue"},"content":{"rendered":"<p>[et_pb_section fb_built=&#8221;1&#8243; next_background_color=&#8221;#ffffff&#8221; admin_label=&#8221;Hero Section&#8221; _builder_version=&#8221;4.16&#8243; use_background_color_gradient=&#8221;on&#8221; background_color_gradient_stops=&#8221;rgba(0,0,0,0.4) 0%|rgba(0,0,0,0.4) 100%&#8221; background_color_gradient_overlays_image=&#8221;on&#8221; background_color_gradient_start=&#8221;rgba(0,0,0,0.4)&#8221; background_color_gradient_end=&#8221;rgba(0,0,0,0.4)&#8221; background_image=&#8221;https:\/\/www.feliwings.fi\/wp-content\/uploads\/2020\/01\/fog-1535201_1920.jpg&#8221; custom_padding=&#8221;6%||6%|&#8221; bottom_divider_style=&#8221;slant&#8221; bottom_divider_height=&#8221;60px&#8221; global_colors_info=&#8221;{}&#8221; background_color_gradient_direction__hover=&#8221;180deg&#8221; background_color_gradient_direction__hover_enabled=&#8221;180deg&#8221; background_color_gradient_start_position__hover=&#8221;0%&#8221; background_color_gradient_start_position__hover_enabled=&#8221;0%&#8221; background_color_gradient_end_position__hover=&#8221;100%&#8221; background_color_gradient_end_position__hover_enabled=&#8221;100%&#8221;][et_pb_row admin_label=&#8221;Page Title Area&#8221; _builder_version=&#8221;4.16&#8243; background_size=&#8221;initial&#8221; background_position=&#8221;top_left&#8221; background_repeat=&#8221;repeat&#8221; global_colors_info=&#8221;{}&#8221;][et_pb_column type=&#8221;4_4&#8243; _builder_version=&#8221;4.16&#8243; custom_padding=&#8221;|||&#8221; global_colors_info=&#8221;{}&#8221; custom_padding__hover=&#8221;|||&#8221;][et_pb_text admin_label=&#8221;Hero Section Title&#8221; _builder_version=&#8221;4.16&#8243; text_font=&#8221;Montserrat||||||||&#8221; text_font_size=&#8221;18px&#8221; text_line_height=&#8221;1.8em&#8221; header_font=&#8221;Montserrat|600||on|||||&#8221; header_font_size=&#8221;48px&#8221; header_letter_spacing=&#8221;3px&#8221; header_line_height=&#8221;1.3em&#8221; header_2_font=&#8221;Montserrat|700|||||||&#8221; header_2_text_color=&#8221;rgba(255,255,255,0.6)&#8221; header_2_font_size=&#8221;90px&#8221; header_2_letter_spacing=&#8221;3px&#8221; header_2_line_height=&#8221;1.1em&#8221; text_orientation=&#8221;center&#8221; background_layout=&#8221;dark&#8221; max_width=&#8221;700px&#8221; module_alignment=&#8221;center&#8221; custom_margin=&#8221;|||&#8221; animation_style=&#8221;fade&#8221; animation_direction=&#8221;bottom&#8221; header_font_size_tablet=&#8221;&#8221; header_font_size_phone=&#8221;28px&#8221; header_font_size_last_edited=&#8221;on|phone&#8221; header_2_font_size_tablet=&#8221;&#8221; header_2_font_size_phone=&#8221;50px&#8221; header_2_font_size_last_edited=&#8221;on|phone&#8221; global_colors_info=&#8221;{}&#8221;]<\/p>\n<h1>Vitospentue<\/h1>\n<p><span>N\u00e4m\u00e4 koirat asuvat jo onnellisesti uusissa kodeissaan.\u00a0<\/span><\/p>\n<p>[\/et_pb_text][\/et_pb_column][\/et_pb_row][\/et_pb_section][et_pb_section fb_built=&#8221;1&#8243; disabled_on=&#8221;off|off|off&#8221; admin_label=&#8221;Featured Project&#8221; _builder_version=&#8221;4.16&#8243; custom_padding=&#8221;2px||25px|||&#8221; global_colors_info=&#8221;{}&#8221;][et_pb_row _builder_version=&#8221;4.16&#8243; global_colors_info=&#8221;{}&#8221;][et_pb_column type=&#8221;4_4&#8243; _builder_version=&#8221;4.16&#8243; global_colors_info=&#8221;{}&#8221;][et_pb_image src=&#8221;https:\/\/www.feliwings.fi\/wp-content\/uploads\/2022\/01\/IMG-20211117-WA0005-1.jpg&#8221; title_text=&#8221;IMG-20211117-WA0005 (1)&#8221; _builder_version=&#8221;4.16&#8243; _module_preset=&#8221;default&#8221; width=&#8221;69%&#8221; module_alignment=&#8221;center&#8221; global_colors_info=&#8221;{}&#8221;][\/et_pb_image][et_pb_text _builder_version=&#8221;4.16&#8243; _module_preset=&#8221;default&#8221; global_colors_info=&#8221;{}&#8221;]<\/p>\n<p style=\"text-align: center;\">Kaikki kuvat t\u00e4ll\u00e4 sivulla (c) Kerttu Luostarinen<\/p>\n<p>[\/et_pb_text][\/et_pb_column][\/et_pb_row][et_pb_row _builder_version=&#8221;4.16&#8243; _module_preset=&#8221;default&#8221; global_colors_info=&#8221;{}&#8221;][et_pb_column type=&#8221;4_4&#8243; _builder_version=&#8221;4.16&#8243; _module_preset=&#8221;default&#8221; global_colors_info=&#8221;{}&#8221;][et_pb_text _builder_version=&#8221;4.16&#8243; text_font=&#8221;||||||||&#8221; text_font_size=&#8221;16px&#8221; text_line_height=&#8221;1.8em&#8221; header_font=&#8221;||||||||&#8221; max_width=&#8221;90%&#8221; custom_margin=&#8221;|||&#8221; custom_padding=&#8221;0px|||||&#8221; animation_style=&#8221;flip&#8221; animation_direction=&#8221;left&#8221; animation_intensity_flip=&#8221;30%&#8221; animation_starting_opacity=&#8221;100%&#8221; global_colors_info=&#8221;{}&#8221;]<\/p>\n<div class=\"b b-text text cf design-01\">\n<div class=\"b-c b-s b-s-t60 b-s-b60 text-content cf\">\n<h2>Feliwing&#8217;s Vitospentue<\/h2>\n<\/div>\n<\/div>\n<div class=\"b b-text text cf design-01\">\n<div class=\"b-c b-s b-s-t60 b-s-b60 text-content cf\">\n<p>s. 29.9.2021<br \/>i. Feliwing&#8217;s Too Cute To Be True<br \/>e. Ihmetassun Diva With Dazzling Wings<\/p>\n<p>soop u. Feliwing&#8217;s I&#8217;m Too Delightful<br \/>soop u. Feliwing&#8217;s I&#8217;m Too Desirable<br \/>soop u. Feliwing&#8217;s I&#8217;m Too Dashing<br \/>soop n.<b>\u00a0<\/b>Feliwing&#8217;s I&#8217;m Too Dazzling<\/p>\n<\/div>\n<\/div>\n<div id=\"gtx-trans\" style=\"position: absolute; left: -51px; top: 242.812px;\">\n<div class=\"gtx-trans-icon\"><\/div>\n<\/div>\n<p>[\/et_pb_text][\/et_pb_column][\/et_pb_row][et_pb_row _builder_version=&#8221;4.16&#8243; global_colors_info=&#8221;{}&#8221;][et_pb_column type=&#8221;4_4&#8243; _builder_version=&#8221;4.16&#8243; global_colors_info=&#8221;{}&#8221;][et_pb_button button_url=&#8221;https:\/\/jalostus.kennelliitto.fi\/frmSukutaulu.aspx?RekNoI=FI29020\/20&#038;ReknoE=FI36362\/19&#8243; url_new_window=&#8221;on&#8221; button_text=&#8221;Linkki yhdistelm\u00e4\u00e4n&#8221; button_alignment=&#8221;center&#8221; _builder_version=&#8221;4.16&#8243; custom_button=&#8221;on&#8221; button_text_color=&#8221;#000000&#8243; global_colors_info=&#8221;{}&#8221;][\/et_pb_button][\/et_pb_column][\/et_pb_row][\/et_pb_section][et_pb_section fb_built=&#8221;1&#8243; _builder_version=&#8221;4.16&#8243; global_colors_info=&#8221;{}&#8221;][et_pb_row column_structure=&#8221;1_2,1_2&#8243; _builder_version=&#8221;4.16&#8243; global_colors_info=&#8221;{}&#8221;][et_pb_column type=&#8221;1_2&#8243; _builder_version=&#8221;4.16&#8243; global_colors_info=&#8221;{}&#8221;][et_pb_image src=&#8221;https:\/\/www.feliwings.fi\/wp-content\/uploads\/2022\/01\/IMG-20211117-WA0012.jpg&#8221; title_text=&#8221;IMG-20211117-WA0012&#8243; _builder_version=&#8221;4.16&#8243; custom_margin=&#8221;||29px|||&#8221; global_colors_info=&#8221;{}&#8221;][\/et_pb_image][et_pb_text _builder_version=&#8221;4.27.4&#8243; hover_enabled=&#8221;0&#8243; global_colors_info=&#8221;{}&#8221; sticky_enabled=&#8221;0&#8243;]<\/p>\n<h3>Feliwing&#8217;s I&#8217;m Too Desirable &#8220;Milo&#8221;<\/h3>\n<p>soopeli uros<br \/>37-38cm<\/p>\n<p>lonkat: B\/A<br \/>kyyn\u00e4r\u00e4t: 0\/0<br \/>polvet: 0\/0<br \/>selk\u00e4: LTV0 VA0<br \/>syd\u00e4n: ei sivu\u00e4\u00e4ni\u00e4 pentutarkastus 11\/2021 &amp; 2022<\/p>\n<p><span>silm\u00e4t:<br \/><\/span><span style=\"font-size: 14px;\">CRD (liev\u00e4) &#8211; pentutarkastus 11\/2021<br \/>CRD (liev\u00e4) &#8211; 3\/2023<\/span><\/p>\n<p>om. Karina P.<\/p>\n<p>[\/et_pb_text][\/et_pb_column][et_pb_column type=&#8221;1_2&#8243; _builder_version=&#8221;4.16&#8243; global_colors_info=&#8221;{}&#8221;][et_pb_image src=&#8221;https:\/\/www.feliwings.fi\/wp-content\/uploads\/2022\/01\/IMG-20211117-WA0013.jpg&#8221; title_text=&#8221;IMG-20211117-WA0013&#8243; _builder_version=&#8221;4.16&#8243; max_height=&#8221;361px&#8221; custom_margin=&#8221;||2px|||&#8221; custom_padding=&#8221;||23px|||&#8221; global_colors_info=&#8221;{}&#8221;][\/et_pb_image][et_pb_text _builder_version=&#8221;4.16&#8243; custom_margin=&#8221;-4px||39px|||&#8221; global_colors_info=&#8221;{}&#8221;]<\/p>\n<h3>Feliwing&#8217;s I&#8217;m Too Delightful &#8220;Viljo&#8221;<\/h3>\n<p>soopeli uros<br \/>41+cm<\/p>\n<p>lonkat: B\/B<br \/>kyyn\u00e4r\u00e4t: 0\/0<br \/>polvet: 0\/0<br \/>selk\u00e4: LTV0 VA0<br \/>syd\u00e4n: ei sivu\u00e4\u00e4ni\u00e4 pentutarkastus 11\/2021 &amp; 2022<\/p>\n<p><span>silm\u00e4t:<br \/><\/span><span style=\"font-size: 14px;\">terveet &#8211;\u00a0<\/span><span style=\"font-size: 14px;\">pentutarkastus 11\/2021<br \/>terveet &#8211; 2022<\/span><\/p>\n<p><span style=\"font-size: 14px;\"><\/span><\/p>\n<p><span style=\"font-size: 14px;\"><\/span>om. Maiju K. &amp; Juho P.<\/p>\n<p>[\/et_pb_text][\/et_pb_column][\/et_pb_row][\/et_pb_section][et_pb_section fb_built=&#8221;1&#8243; _builder_version=&#8221;4.16&#8243; global_colors_info=&#8221;{}&#8221;][et_pb_row column_structure=&#8221;1_2,1_2&#8243; _builder_version=&#8221;4.16&#8243; global_colors_info=&#8221;{}&#8221;][et_pb_column type=&#8221;1_2&#8243; _builder_version=&#8221;4.16&#8243; global_colors_info=&#8221;{}&#8221;][et_pb_image src=&#8221;https:\/\/www.feliwings.fi\/wp-content\/uploads\/2022\/01\/IMG-20211117-WA0003.jpg&#8221; title_text=&#8221;IMG-20211117-WA0003&#8243; _builder_version=&#8221;4.16&#8243; custom_margin=&#8221;||13px|||&#8221; global_colors_info=&#8221;{}&#8221;][\/et_pb_image][et_pb_text _builder_version=&#8221;4.27.4&#8243; hover_enabled=&#8221;0&#8243; global_colors_info=&#8221;{}&#8221; sticky_enabled=&#8221;0&#8243;]<\/p>\n<h3>Feliwing&#8217;s I&#8217;m Too Dashing &#8220;Nicky&#8221;<\/h3>\n<p>soopeli uros<br \/>37cm<\/p>\n<p>lonkat: B\/B<br \/>kyyn\u00e4r\u00e4t: 0\/0<br \/>polvet: 0\/0<br \/>selk\u00e4: LTV0 VA0<br \/>syd\u00e4n: ei sivu\u00e4\u00e4ni\u00e4 pentutarkastus 11\/2021 &amp; 2022<\/p>\n<p><span>silm\u00e4t:<br \/><\/span><span style=\"font-size: 14px;\">terveet &#8211; pentutarkastus 11\/2021<br \/>terveet &#8211; 9\/2023<\/span><\/p>\n<p>om. Tiffani J.<\/p>\n<p>[\/et_pb_text][\/et_pb_column][et_pb_column type=&#8221;1_2&#8243; _builder_version=&#8221;4.16&#8243; global_colors_info=&#8221;{}&#8221;][et_pb_image src=&#8221;https:\/\/www.feliwings.fi\/wp-content\/uploads\/2022\/01\/IMG-20211117-WA0011.jpg&#8221; title_text=&#8221;IMG-20211117-WA0011&#8243; _builder_version=&#8221;4.16&#8243; max_height=&#8221;361px&#8221; custom_margin=&#8221;||2px|||&#8221; custom_padding=&#8221;||23px|||&#8221; global_colors_info=&#8221;{}&#8221;][\/et_pb_image][et_pb_text _builder_version=&#8221;4.27.4&#8243; custom_margin=&#8221;-4px||39px|||&#8221; hover_enabled=&#8221;0&#8243; global_colors_info=&#8221;{}&#8221; sticky_enabled=&#8221;0&#8243;]<\/p>\n<h3>Feliwing&#8217;s I&#8217;m Too Dazzling &#8220;Nila&#8221;<\/h3>\n<p>soopeli narttu<br \/>35cm<\/p>\n<p>lonkat: B\/B<br \/>kyyn\u00e4r\u00e4t: 0\/0<br \/>polvet: 0\/0<br \/>selk\u00e4: LTV2 VA0<br \/>syd\u00e4n: ei sivu\u00e4\u00e4ni\u00e4 pentutarkastus 11\/2021 &amp; 2022<\/p>\n<p><span>silm\u00e4t:<br \/><\/span><span style=\"font-size: 14px;\">terveet &#8211;\u00a0<\/span><span style=\"font-size: 14px;\">pentutarkastus 11\/2021<br \/>terveet &#8211; 01\/2023 &amp; 10\/2024<\/span><\/p>\n<p>om. Anne H.<\/p>\n<p>[\/et_pb_text][\/et_pb_column][\/et_pb_row][et_pb_row column_structure=&#8221;1_4,1_4,1_4,1_4&#8243; _builder_version=&#8221;4.16&#8243; _module_preset=&#8221;default&#8221; global_colors_info=&#8221;{}&#8221;][et_pb_column type=&#8221;1_4&#8243; _builder_version=&#8221;4.16&#8243; _module_preset=&#8221;default&#8221; global_colors_info=&#8221;{}&#8221;][et_pb_image src=&#8221;https:\/\/www.feliwings.fi\/wp-content\/uploads\/2022\/01\/IMG-20211117-WA0008.jpg&#8221; title_text=&#8221;IMG-20211117-WA0008&#8243; _builder_version=&#8221;4.16&#8243; _module_preset=&#8221;default&#8221; global_colors_info=&#8221;{}&#8221;][\/et_pb_image][et_pb_text _builder_version=&#8221;4.16&#8243; _module_preset=&#8221;default&#8221; custom_margin=&#8221;-24px|||||&#8221; global_colors_info=&#8221;{}&#8221;]<\/p>\n<p style=\"text-align: center;\">Milo<\/p>\n<p>[\/et_pb_text][\/et_pb_column][et_pb_column type=&#8221;1_4&#8243; _builder_version=&#8221;4.16&#8243; _module_preset=&#8221;default&#8221; global_colors_info=&#8221;{}&#8221;][et_pb_image src=&#8221;https:\/\/www.feliwings.fi\/wp-content\/uploads\/2022\/01\/IMG-20211117-WA0009.jpg&#8221; title_text=&#8221;IMG-20211117-WA0009&#8243; _builder_version=&#8221;4.16&#8243; _module_preset=&#8221;default&#8221; global_colors_info=&#8221;{}&#8221;][\/et_pb_image][et_pb_text _builder_version=&#8221;4.16&#8243; _module_preset=&#8221;default&#8221; custom_margin=&#8221;-24px|||||&#8221; global_colors_info=&#8221;{}&#8221;]<\/p>\n<p style=\"text-align: center;\">Viljo<\/p>\n<p>[\/et_pb_text][\/et_pb_column][et_pb_column type=&#8221;1_4&#8243; _builder_version=&#8221;4.16&#8243; _module_preset=&#8221;default&#8221; global_colors_info=&#8221;{}&#8221;][et_pb_image src=&#8221;https:\/\/www.feliwings.fi\/wp-content\/uploads\/2022\/01\/IMG-20211117-WA0010.jpg&#8221; title_text=&#8221;IMG-20211117-WA0010&#8243; _builder_version=&#8221;4.16&#8243; _module_preset=&#8221;default&#8221; global_colors_info=&#8221;{}&#8221;][\/et_pb_image][et_pb_text _builder_version=&#8221;4.16&#8243; _module_preset=&#8221;default&#8221; custom_margin=&#8221;-24px|||||&#8221; global_colors_info=&#8221;{}&#8221;]<\/p>\n<p style=\"text-align: center;\">Nicky<\/p>\n<p>[\/et_pb_text][\/et_pb_column][et_pb_column type=&#8221;1_4&#8243; _builder_version=&#8221;4.16&#8243; _module_preset=&#8221;default&#8221; global_colors_info=&#8221;{}&#8221;][et_pb_image src=&#8221;https:\/\/www.feliwings.fi\/wp-content\/uploads\/2022\/01\/IMG-20211117-WA0007.jpg&#8221; title_text=&#8221;IMG-20211117-WA0007&#8243; _builder_version=&#8221;4.16&#8243; _module_preset=&#8221;default&#8221; global_colors_info=&#8221;{}&#8221;][\/et_pb_image][et_pb_text _builder_version=&#8221;4.16&#8243; _module_preset=&#8221;default&#8221; custom_margin=&#8221;-24px|||||&#8221; global_colors_info=&#8221;{}&#8221;]<\/p>\n<p style=\"text-align: center;\">Nila<\/p>\n<p>[\/et_pb_text][\/et_pb_column][\/et_pb_row][\/et_pb_section]<\/p>\n","protected":false},"excerpt":{"rendered":"<p>Vitospentue N\u00e4m\u00e4 koirat asuvat jo onnellisesti uusissa kodeissaan.\u00a0Kaikki kuvat t\u00e4ll\u00e4 sivulla (c) Kerttu Luostarinen Feliwing&#8217;s Vitospentue s. 29.9.2021i. Feliwing&#8217;s Too Cute To Be Truee. Ihmetassun Diva With Dazzling Wings soop u. Feliwing&#8217;s I&#8217;m Too Delightfulsoop u. Feliwing&#8217;s I&#8217;m Too Desirablesoop u. Feliwing&#8217;s I&#8217;m Too Dashingsoop n.\u00a0Feliwing&#8217;s I&#8217;m Too Dazzling Feliwing&#8217;s I&#8217;m Too Desirable &#8220;Milo&#8221; soopeli [&hellip;]<\/p>\n","protected":false},"author":1,"featured_media":0,"parent":0,"menu_order":0,"comment_status":"closed","ping_status":"closed","template":"","meta":{"_et_pb_use_builder":"on","_et_pb_old_content":"","_et_gb_content_width":"","footnotes":""},"class_list":["post-924","page","type-page","status-publish","hentry"],"_links":{"self":[{"href":"https:\/\/www.feliwings.fi\/index.php\/wp-json\/wp\/v2\/pages\/924","targetHints":{"allow":["GET"]}}],"collection":[{"href":"https:\/\/www.feliwings.fi\/index.php\/wp-json\/wp\/v2\/pages"}],"about":[{"href":"https:\/\/www.feliwings.fi\/index.php\/wp-json\/wp\/v2\/types\/page"}],"author":[{"embeddable":true,"href":"https:\/\/www.feliwings.fi\/index.php\/wp-json\/wp\/v2\/users\/1"}],"replies":[{"embeddable":true,"href":"https:\/\/www.feliwings.fi\/index.php\/wp-json\/wp\/v2\/comments?post=924"}],"version-history":[{"count":4,"href":"https:\/\/www.feliwings.fi\/index.php\/wp-json\/wp\/v2\/pages\/924\/revisions"}],"predecessor-version":[{"id":1722,"href":"https:\/\/www.feliwings.fi\/index.php\/wp-json\/wp\/v2\/pages\/924\/revisions\/1722"}],"wp:attachment":[{"href":"https:\/\/www.feliwings.fi\/index.php\/wp-json\/wp\/v2\/media?parent=924"}],"curies":[{"name":"wp","href":"https:\/\/api.w.org\/{rel}","templated":true}]}}