{"id":669,"date":"2021-03-07T10:39:26","date_gmt":"2021-03-07T10:39:26","guid":{"rendered":"https:\/\/www.feliwings.fi\/?page_id=669"},"modified":"2022-08-28T19:50:39","modified_gmt":"2022-08-28T19:50:39","slug":"aura-sheltti","status":"publish","type":"page","link":"https:\/\/www.feliwings.fi\/index.php\/aura-sheltti\/","title":{"rendered":"Aura"},"content":{"rendered":"<p>[et_pb_section fb_built=&#8221;1&#8243; next_background_color=&#8221;#ffffff&#8221; admin_label=&#8221;Hero Section&#8221; _builder_version=&#8221;4.16&#8243; use_background_color_gradient=&#8221;on&#8221; background_color_gradient_stops=&#8221;rgba(0,0,0,0.4) 0%|rgba(0,0,0,0.4) 100%&#8221; background_color_gradient_overlays_image=&#8221;on&#8221; background_color_gradient_start=&#8221;rgba(0,0,0,0.4)&#8221; background_color_gradient_end=&#8221;rgba(0,0,0,0.4)&#8221; background_image=&#8221;https:\/\/www.feliwings.fi\/wp-content\/uploads\/2020\/01\/fog-1535201_1920.jpg&#8221; custom_padding=&#8221;6%||6%|&#8221; bottom_divider_style=&#8221;slant&#8221; bottom_divider_height=&#8221;60px&#8221; global_colors_info=&#8221;{}&#8221; background_color_gradient_direction__hover=&#8221;180deg&#8221; background_color_gradient_direction__hover_enabled=&#8221;180deg&#8221; background_color_gradient_start_position__hover=&#8221;0%&#8221; background_color_gradient_start_position__hover_enabled=&#8221;0%&#8221; background_color_gradient_end_position__hover=&#8221;100%&#8221; background_color_gradient_end_position__hover_enabled=&#8221;100%&#8221; background_color_gradient_stops__hover=&#8221;rgba(0,0,0,0.4) 0%|rgba(0,0,0,0.4) 100%&#8221;][et_pb_row admin_label=&#8221;Page Title Area&#8221; _builder_version=&#8221;4.16&#8243; background_size=&#8221;initial&#8221; background_position=&#8221;top_left&#8221; background_repeat=&#8221;repeat&#8221; global_colors_info=&#8221;{}&#8221;][et_pb_column type=&#8221;4_4&#8243; _builder_version=&#8221;4.16&#8243; custom_padding=&#8221;|||&#8221; global_colors_info=&#8221;{}&#8221; custom_padding__hover=&#8221;|||&#8221;][et_pb_text admin_label=&#8221;Hero Section Title&#8221; _builder_version=&#8221;4.18.0&#8243; text_font=&#8221;Montserrat||||||||&#8221; text_font_size=&#8221;18px&#8221; text_line_height=&#8221;1.8em&#8221; header_font=&#8221;Montserrat|600||on|||||&#8221; header_font_size=&#8221;48px&#8221; header_letter_spacing=&#8221;3px&#8221; header_line_height=&#8221;1.3em&#8221; header_2_font=&#8221;Montserrat|700|||||||&#8221; header_2_text_color=&#8221;rgba(255,255,255,0.6)&#8221; header_2_font_size=&#8221;90px&#8221; header_2_letter_spacing=&#8221;3px&#8221; header_2_line_height=&#8221;1.1em&#8221; text_orientation=&#8221;center&#8221; background_layout=&#8221;dark&#8221; max_width=&#8221;700px&#8221; module_alignment=&#8221;center&#8221; custom_margin=&#8221;|||&#8221; animation_style=&#8221;fade&#8221; animation_direction=&#8221;bottom&#8221; hover_enabled=&#8221;0&#8243; header_font_size_tablet=&#8221;&#8221; header_font_size_phone=&#8221;28px&#8221; header_font_size_last_edited=&#8221;on|phone&#8221; header_2_font_size_tablet=&#8221;&#8221; header_2_font_size_phone=&#8221;50px&#8221; header_2_font_size_last_edited=&#8221;on|phone&#8221; header_text_shadow_style=&#8221;preset2&#8243; global_colors_info=&#8221;{}&#8221; sticky_enabled=&#8221;0&#8243;]<\/p>\n<h1>Aura<\/h1>\n<h3>Feliwing&#8217;s Glorious Apricity<\/h3>\n<p>[\/et_pb_text][\/et_pb_column][\/et_pb_row][\/et_pb_section][et_pb_section fb_built=&#8221;1&#8243; disabled_on=&#8221;off|off|off&#8221; admin_label=&#8221;Featured Project&#8221; _builder_version=&#8221;4.16&#8243; custom_padding=&#8221;3px||110px|||&#8221; global_colors_info=&#8221;{}&#8221;][et_pb_row column_structure=&#8221;1_2,1_2&#8243; admin_label=&#8221;Featured Project&#8221; _builder_version=&#8221;4.16&#8243; custom_padding=&#8221;86px|||||&#8221; global_colors_info=&#8221;{}&#8221;][et_pb_column type=&#8221;1_2&#8243; _builder_version=&#8221;4.16&#8243; custom_padding=&#8221;|||&#8221; global_colors_info=&#8221;{}&#8221; custom_padding__hover=&#8221;|||&#8221;][et_pb_text disabled_on=&#8221;off|off|off&#8221; admin_label=&#8221;Title&#8221; _builder_version=&#8221;4.18.0&#8243; text_font=&#8221;Montserrat|||on|||||&#8221; text_font_size=&#8221;16px&#8221; text_line_height=&#8221;1.8em&#8221; header_font=&#8221;||||||||&#8221; header_2_font=&#8221;Montserrat|600||on|||||&#8221; header_2_font_size=&#8221;30px&#8221; header_2_line_height=&#8221;1.5em&#8221; custom_margin=&#8221;-49px||5px|||&#8221; animation_style=&#8221;slide&#8221; animation_direction=&#8221;top&#8221; animation_intensity_slide=&#8221;20%&#8221; animation_starting_opacity=&#8221;100%&#8221; global_colors_info=&#8221;{}&#8221;]<\/p>\n<h4>LT CH FI JCH EE JCH LV JCH<\/h4>\n<h2>FELIWING&#8217;S Glorious Apricity<\/h2>\n<p>Aura<\/p>\n<p>[\/et_pb_text][et_pb_text _builder_version=&#8221;4.16&#8243; text_font=&#8221;||||||||&#8221; text_font_size=&#8221;16px&#8221; text_line_height=&#8221;1.8em&#8221; header_font=&#8221;||||||||&#8221; max_width=&#8221;90%&#8221; custom_margin=&#8221;|||&#8221; animation_style=&#8221;flip&#8221; animation_direction=&#8221;left&#8221; animation_intensity_flip=&#8221;30%&#8221; animation_starting_opacity=&#8221;100%&#8221; global_colors_info=&#8221;{}&#8221;]<\/p>\n<p>s. 1.1.2021<br \/>soopeli\u00a0<span style=\"color: #999999;\">\/ sable<\/span><br \/>shetlanninlammaskoiranarttu\u00a0<span style=\"color: #999999;\">\/ Shetland sheepdog bitch<\/span><br \/>kasv. <span style=\"color: #999999;\">\/ breeder <\/span>Nataly Yl\u00f6nen, Mikkeli<\/p>\n<p>lonkat <span style=\"color: #999999;\">\/ hips<\/span>: A\/A<br \/>kyyn\u00e4r\u00e4t <span style=\"color: #999999;\">\/ elbows<\/span>: 0\/0<br \/>polvet <span style=\"color: #999999;\">\/ knees<\/span>: 0\/0<br \/>selk\u00e4\u00a0<span style=\"color: #999999;\">\/ spine<span style=\"color: #333333;\">: LTV1 VA0<\/span><\/span><\/p>\n<p>silm\u00e4t <span style=\"color: #999999;\">\/ eyes<\/span><br \/>2021 &#8211; ei perinn\u00f6llisi\u00e4 silm\u00e4sairauksia <span style=\"color: #999999;\">\/ clear<\/span><\/p>\n<p><span>LT LV EE BALT JCH Old Solar Sambiya Unkas x<\/span>\u00a0CY JCH Ihmetassun Illusion Of Gaia<\/p>\n<p><span style=\"color: #999999;\">Check out the pedigree:<\/span><\/p>\n<p>[\/et_pb_text][et_pb_button button_url=&#8221;https:\/\/jalostus.kennelliitto.fi\/frmKoira.aspx?RekNo=FI15597\/21&#038;R=88&#8243; url_new_window=&#8221;on&#8221; button_text=&#8221;Koiranet&#8221; button_alignment=&#8221;left&#8221; _builder_version=&#8221;4.16&#8243; custom_button=&#8221;on&#8221; button_text_size=&#8221;16px&#8221; button_text_color=&#8221;#ffffff&#8221; button_bg_color=&#8221;#474747&#8243; button_border_width=&#8221;0px&#8221; button_letter_spacing=&#8221;2px&#8221; button_font=&#8221;Montserrat|600||on|||||&#8221; custom_margin=&#8221;|||&#8221; custom_padding=&#8221;12px||12px|&#8221; animation_style=&#8221;fade&#8221; animation_direction=&#8221;right&#8221; button_letter_spacing_hover=&#8221;2px&#8221; locked=&#8221;off&#8221; global_colors_info=&#8221;{}&#8221; button_text_size__hover_enabled=&#8221;off&#8221; button_one_text_size__hover_enabled=&#8221;off&#8221; button_two_text_size__hover_enabled=&#8221;off&#8221; button_text_color__hover_enabled=&#8221;off&#8221; button_one_text_color__hover_enabled=&#8221;off&#8221; button_two_text_color__hover_enabled=&#8221;off&#8221; button_border_width__hover_enabled=&#8221;off&#8221; button_one_border_width__hover_enabled=&#8221;off&#8221; button_two_border_width__hover_enabled=&#8221;off&#8221; button_border_color__hover_enabled=&#8221;off&#8221; button_one_border_color__hover_enabled=&#8221;off&#8221; button_two_border_color__hover_enabled=&#8221;off&#8221; button_border_radius__hover_enabled=&#8221;off&#8221; button_one_border_radius__hover_enabled=&#8221;off&#8221; button_two_border_radius__hover_enabled=&#8221;off&#8221; button_letter_spacing__hover_enabled=&#8221;on&#8221; button_letter_spacing__hover=&#8221;2px&#8221; button_one_letter_spacing__hover_enabled=&#8221;off&#8221; button_two_letter_spacing__hover_enabled=&#8221;off&#8221; button_bg_color__hover_enabled=&#8221;off&#8221; button_one_bg_color__hover_enabled=&#8221;off&#8221; button_two_bg_color__hover_enabled=&#8221;off&#8221;][\/et_pb_button][\/et_pb_column][et_pb_column type=&#8221;1_2&#8243; _builder_version=&#8221;4.16&#8243; custom_padding=&#8221;|||&#8221; global_colors_info=&#8221;{}&#8221; custom_padding__hover=&#8221;|||&#8221;][et_pb_image src=&#8221;https:\/\/www.feliwings.fi\/wp-content\/uploads\/2022\/01\/Aura-29.8.21-09-scaled.jpg&#8221; title_text=&#8221;Aura 29.8.21-09&#8243; _builder_version=&#8221;4.16&#8243; _module_preset=&#8221;default&#8221; global_colors_info=&#8221;{}&#8221;][\/et_pb_image][et_pb_text _builder_version=&#8221;4.16&#8243; _module_preset=&#8221;default&#8221; global_colors_info=&#8221;{}&#8221;]<\/p>\n<p style=\"text-align: center;\">(c) Kerttu Luostarinen<\/p>\n<p>[\/et_pb_text][\/et_pb_column][\/et_pb_row][et_pb_row column_structure=&#8221;1_2,1_2&#8243; _builder_version=&#8221;4.16&#8243; _module_preset=&#8221;default&#8221; global_colors_info=&#8221;{}&#8221;][et_pb_column type=&#8221;1_2&#8243; _builder_version=&#8221;4.16&#8243; _module_preset=&#8221;default&#8221; global_colors_info=&#8221;{}&#8221;][et_pb_image src=&#8221;https:\/\/www.feliwings.fi\/wp-content\/uploads\/2021\/10\/Aura-ja-Narri-29.8.21-14-scaled.jpg&#8221; title_text=&#8221;Aura ja Narri 29.8.21-14&#8243; _builder_version=&#8221;4.16&#8243; _module_preset=&#8221;default&#8221; global_colors_info=&#8221;{}&#8221;][\/et_pb_image][et_pb_text _builder_version=&#8221;4.16&#8243; _module_preset=&#8221;default&#8221; custom_margin=&#8221;-30px|||||&#8221; global_colors_info=&#8221;{}&#8221;]<\/p>\n<p>Aura &amp; veli Narri (Feliwing&#8217;s Glorious Alpenglow) 8kk<br \/><span style=\"color: #999999;\">Aura &amp; brother Narri (Feliwing&#8217;s Glorious Alpenglow) at 8 months old<\/span><\/p>\n<p>[\/et_pb_text][et_pb_image src=&#8221;https:\/\/www.feliwings.fi\/wp-content\/uploads\/2021\/03\/6vk-aura.jpg&#8221; title_text=&#8221;6vk aura&#8221; _builder_version=&#8221;4.16&#8243; _module_preset=&#8221;default&#8221; global_colors_info=&#8221;{}&#8221;][\/et_pb_image][et_pb_text _builder_version=&#8221;4.16&#8243; _module_preset=&#8221;default&#8221; global_colors_info=&#8221;{}&#8221;]<\/p>\n<p style=\"text-align: center;\">Kaikki kuvat t\u00e4ll\u00e4 sivulla<br \/><span style=\"color: #999999;\">All photos on this page<\/span><br \/>(c) Kerttu Luostarinen<\/p>\n<p>[\/et_pb_text][\/et_pb_column][et_pb_column type=&#8221;1_2&#8243; _builder_version=&#8221;4.16&#8243; _module_preset=&#8221;default&#8221; global_colors_info=&#8221;{}&#8221;][et_pb_image src=&#8221;https:\/\/www.feliwings.fi\/wp-content\/uploads\/2022\/01\/Enni-Aura-ja-Narri-29.8.21-09-scaled.jpg&#8221; title_text=&#8221;Enni, Aura ja Narri 29.8.21-09&#8243; _builder_version=&#8221;4.16&#8243; _module_preset=&#8221;default&#8221; global_colors_info=&#8221;{}&#8221;][\/et_pb_image][et_pb_text _builder_version=&#8221;4.16&#8243; _module_preset=&#8221;default&#8221; custom_margin=&#8221;-30px|||||&#8221; global_colors_info=&#8221;{}&#8221;]<\/p>\n<p>Aura, veli Narri ja em\u00e4 Enni<br \/><span style=\"color: #999999;\">Aura, brother Narri and mother Enni<\/span><\/p>\n<p>[\/et_pb_text][et_pb_image src=&#8221;https:\/\/www.feliwings.fi\/wp-content\/uploads\/2021\/03\/kolmospennut.jpg&#8221; alt=&#8221;(c) Kerttu Luostarinen&#8221; title_text=&#8221;kolmospennut&#8221; _builder_version=&#8221;4.16&#8243; _module_preset=&#8221;default&#8221; global_colors_info=&#8221;{}&#8221;][\/et_pb_image][\/et_pb_column][\/et_pb_row][et_pb_row column_structure=&#8221;1_2,1_2&#8243; _builder_version=&#8221;4.16&#8243; _module_preset=&#8221;default&#8221; global_colors_info=&#8221;{}&#8221;][et_pb_column type=&#8221;1_2&#8243; _builder_version=&#8221;4.16&#8243; _module_preset=&#8221;default&#8221; global_colors_info=&#8221;{}&#8221;][et_pb_image src=&#8221;https:\/\/www.feliwings.fi\/wp-content\/uploads\/2021\/03\/aura-6vk.jpg&#8221; title_text=&#8221;aura 6vk&#8221; _builder_version=&#8221;4.16&#8243; _module_preset=&#8221;default&#8221; custom_margin=&#8221;||0px|||&#8221; global_colors_info=&#8221;{}&#8221;][\/et_pb_image][et_pb_text _builder_version=&#8221;4.16&#8243; _module_preset=&#8221;default&#8221; global_colors_info=&#8221;{}&#8221;]<\/p>\n<p style=\"text-align: center;\">Aura 6 viikkoa <span style=\"color: #999999;\">\/ 6 weeks old<\/span><\/p>\n<p>[\/et_pb_text][et_pb_text _builder_version=&#8221;4.16&#8243; _module_preset=&#8221;default&#8221; global_colors_info=&#8221;{}&#8221;]<\/p>\n<p style=\"text-align: center;\">(c) Kerttu Luostarinen<\/p>\n<p>[\/et_pb_text][\/et_pb_column][et_pb_column type=&#8221;1_2&#8243; _builder_version=&#8221;4.16&#8243; _module_preset=&#8221;default&#8221; global_colors_info=&#8221;{}&#8221;][et_pb_image src=&#8221;https:\/\/www.feliwings.fi\/wp-content\/uploads\/2022\/01\/Aura-29.8.21-02-scaled.jpg&#8221; title_text=&#8221;Aura 29.8.21-02&#8243; _builder_version=&#8221;4.16&#8243; _module_preset=&#8221;default&#8221; global_colors_info=&#8221;{}&#8221;][\/et_pb_image][\/et_pb_column][\/et_pb_row][et_pb_row column_structure=&#8221;1_2,1_2&#8243; _builder_version=&#8221;4.16&#8243; _module_preset=&#8221;default&#8221; global_colors_info=&#8221;{}&#8221;][et_pb_column type=&#8221;1_2&#8243; _builder_version=&#8221;4.16&#8243; _module_preset=&#8221;default&#8221; global_colors_info=&#8221;{}&#8221;][et_pb_text _builder_version=&#8221;4.18.0&#8243; _module_preset=&#8221;default&#8221; global_colors_info=&#8221;{}&#8221;]<\/p>\n<p>n\u00e4yttely Suomessa <span style=\"color: #999999;\">\/ shows in Finland<br \/><span style=\"color: #333333;\">ERI SA NUK1 PN1 VSP SERT<\/span><br \/>EXC CQ INTC1 BB1 BOS CAC<br \/><span style=\"color: #333333;\">ERI SA JUK1 JSERT ROP-JUN<\/span><br \/>EXC CQ JUNC1 JCAC BOB-JUN<\/span><br \/>ERI SA JUN1 PN3<br \/><span style=\"color: #999999;\">EXC CQ JUNC1 BB3<\/span><\/p>\n<p>[\/et_pb_text][\/et_pb_column][et_pb_column type=&#8221;1_2&#8243; _builder_version=&#8221;4.16&#8243; _module_preset=&#8221;default&#8221; global_colors_info=&#8221;{}&#8221;][et_pb_text _builder_version=&#8221;4.18.0&#8243; _module_preset=&#8221;default&#8221; global_colors_info=&#8221;{}&#8221;]<\/p>\n<p><span style=\"color: #999999;\"><span style=\"color: #333333;\">pentun\u00e4yttelyt<\/span> \/ puppy shows<br \/><span style=\"color: #333333;\">PEN1 KP ROP-pentu RYP-3<\/span><br \/>Puppy class 1 HP BOB-puppy BIG-3<br \/><span style=\"color: #333333;\">PPEN1 KP ROP-pentu RYP-3<\/span><br \/>Minor puppy 1 HP BOB-puppy BIG-3<\/span><\/p>\n<p>[\/et_pb_text][\/et_pb_column][\/et_pb_row][\/et_pb_section]<\/p>\n","protected":false},"excerpt":{"rendered":"<p>Aura Feliwing&#8217;s Glorious ApricityLT CH FI JCH EE JCH LV JCH FELIWING&#8217;S Glorious Apricity Auras. 1.1.2021soopeli\u00a0\/ sableshetlanninlammaskoiranarttu\u00a0\/ Shetland sheepdog bitchkasv. \/ breeder Nataly Yl\u00f6nen, Mikkeli lonkat \/ hips: A\/Akyyn\u00e4r\u00e4t \/ elbows: 0\/0polvet \/ knees: 0\/0selk\u00e4\u00a0\/ spine: LTV1 VA0 silm\u00e4t \/ eyes2021 &#8211; ei perinn\u00f6llisi\u00e4 silm\u00e4sairauksia \/ clear LT LV EE BALT JCH Old Solar Sambiya [&hellip;]<\/p>\n","protected":false},"author":1,"featured_media":0,"parent":0,"menu_order":0,"comment_status":"closed","ping_status":"closed","template":"","meta":{"_et_pb_use_builder":"on","_et_pb_old_content":"","_et_gb_content_width":"","footnotes":""},"class_list":["post-669","page","type-page","status-publish","hentry"],"_links":{"self":[{"href":"https:\/\/www.feliwings.fi\/index.php\/wp-json\/wp\/v2\/pages\/669","targetHints":{"allow":["GET"]}}],"collection":[{"href":"https:\/\/www.feliwings.fi\/index.php\/wp-json\/wp\/v2\/pages"}],"about":[{"href":"https:\/\/www.feliwings.fi\/index.php\/wp-json\/wp\/v2\/types\/page"}],"author":[{"embeddable":true,"href":"https:\/\/www.feliwings.fi\/index.php\/wp-json\/wp\/v2\/users\/1"}],"replies":[{"embeddable":true,"href":"https:\/\/www.feliwings.fi\/index.php\/wp-json\/wp\/v2\/comments?post=669"}],"version-history":[{"count":2,"href":"https:\/\/www.feliwings.fi\/index.php\/wp-json\/wp\/v2\/pages\/669\/revisions"}],"predecessor-version":[{"id":1226,"href":"https:\/\/www.feliwings.fi\/index.php\/wp-json\/wp\/v2\/pages\/669\/revisions\/1226"}],"wp:attachment":[{"href":"https:\/\/www.feliwings.fi\/index.php\/wp-json\/wp\/v2\/media?parent=669"}],"curies":[{"name":"wp","href":"https:\/\/api.w.org\/{rel}","templated":true}]}}