{"id":642,"date":"2021-03-07T10:26:00","date_gmt":"2021-03-07T10:26:00","guid":{"rendered":"https:\/\/www.feliwings.fi\/?page_id=642"},"modified":"2022-02-28T19:22:54","modified_gmt":"2022-02-28T19:22:54","slug":"enni-sheltti","status":"publish","type":"page","link":"https:\/\/www.feliwings.fi\/index.php\/enni-sheltti\/","title":{"rendered":"Enni"},"content":{"rendered":"<p>[et_pb_section fb_built=&#8221;1&#8243; next_background_color=&#8221;#ffffff&#8221; admin_label=&#8221;Hero Section&#8221; _builder_version=&#8221;3.26.8&#8243; use_background_color_gradient=&#8221;on&#8221; background_color_gradient_start=&#8221;rgba(0,0,0,0.4)&#8221; background_color_gradient_end=&#8221;rgba(0,0,0,0.4)&#8221; background_color_gradient_overlays_image=&#8221;on&#8221; background_image=&#8221;https:\/\/www.feliwings.fi\/wp-content\/uploads\/2020\/01\/fog-1535201_1920.jpg&#8221; custom_padding=&#8221;6%||6%|&#8221; bottom_divider_style=&#8221;slant&#8221; bottom_divider_height=&#8221;60px&#8221; global_colors_info=&#8221;{}&#8221; background_color_gradient_direction__hover=&#8221;180deg&#8221; background_color_gradient_direction__hover_enabled=&#8221;180deg&#8221; background_color_gradient_start_position__hover=&#8221;0%&#8221; background_color_gradient_start_position__hover_enabled=&#8221;0%&#8221; background_color_gradient_end_position__hover=&#8221;100%&#8221; background_color_gradient_end_position__hover_enabled=&#8221;100%&#8221;][et_pb_row admin_label=&#8221;Page Title Area&#8221; _builder_version=&#8221;3.25&#8243; background_size=&#8221;initial&#8221; background_position=&#8221;top_left&#8221; background_repeat=&#8221;repeat&#8221; global_colors_info=&#8221;{}&#8221;][et_pb_column type=&#8221;4_4&#8243; _builder_version=&#8221;3.25&#8243; custom_padding=&#8221;|||&#8221; global_colors_info=&#8221;{}&#8221; custom_padding__hover=&#8221;|||&#8221;][et_pb_text admin_label=&#8221;Hero Section Title&#8221; _builder_version=&#8221;4.6.0&#8243; text_font=&#8221;Montserrat||||||||&#8221; text_font_size=&#8221;18px&#8221; text_line_height=&#8221;1.8em&#8221; header_font=&#8221;Montserrat|600||on|||||&#8221; header_font_size=&#8221;48px&#8221; header_letter_spacing=&#8221;3px&#8221; header_line_height=&#8221;1.3em&#8221; header_2_font=&#8221;Montserrat|700|||||||&#8221; header_2_text_color=&#8221;rgba(255,255,255,0.6)&#8221; header_2_font_size=&#8221;90px&#8221; header_2_letter_spacing=&#8221;3px&#8221; header_2_line_height=&#8221;1.1em&#8221; text_orientation=&#8221;center&#8221; background_layout=&#8221;dark&#8221; max_width=&#8221;700px&#8221; module_alignment=&#8221;center&#8221; custom_margin=&#8221;|||&#8221; animation_style=&#8221;fade&#8221; animation_direction=&#8221;bottom&#8221; header_font_size_tablet=&#8221;&#8221; header_font_size_phone=&#8221;28px&#8221; header_font_size_last_edited=&#8221;on|phone&#8221; header_2_font_size_tablet=&#8221;&#8221; header_2_font_size_phone=&#8221;50px&#8221; header_2_font_size_last_edited=&#8221;on|phone&#8221; header_text_shadow_style=&#8221;preset2&#8243; global_colors_info=&#8221;{}&#8221;]<\/p>\n<h1>Enni<\/h1>\n<h3>CY JCH Ihmetassun Illusion Of Gaia<\/h3>\n<p>[\/et_pb_text][\/et_pb_column][\/et_pb_row][\/et_pb_section][et_pb_section fb_built=&#8221;1&#8243; disabled_on=&#8221;off|off|off&#8221; admin_label=&#8221;Featured Project&#8221; _builder_version=&#8221;3.22&#8243; custom_padding=&#8221;3px||110px|||&#8221; global_colors_info=&#8221;{}&#8221;][et_pb_row column_structure=&#8221;1_2,1_2&#8243; admin_label=&#8221;Featured Project&#8221; _builder_version=&#8221;3.25&#8243; custom_padding=&#8221;111px||110px|||&#8221; global_colors_info=&#8221;{}&#8221;][et_pb_column type=&#8221;1_2&#8243; _builder_version=&#8221;3.25&#8243; custom_padding=&#8221;|||&#8221; global_colors_info=&#8221;{}&#8221; custom_padding__hover=&#8221;|||&#8221;][et_pb_text disabled_on=&#8221;off|off|off&#8221; admin_label=&#8221;Title&#8221; _builder_version=&#8221;3.27.4&#8243; text_font=&#8221;Montserrat|||on|||||&#8221; text_font_size=&#8221;16px&#8221; text_line_height=&#8221;1.8em&#8221; header_font=&#8221;||||||||&#8221; header_2_font=&#8221;Montserrat|600||on|||||&#8221; header_2_font_size=&#8221;30px&#8221; header_2_line_height=&#8221;1.5em&#8221; custom_margin=&#8221;||5px|&#8221; animation_style=&#8221;slide&#8221; animation_direction=&#8221;top&#8221; animation_intensity_slide=&#8221;20%&#8221; animation_starting_opacity=&#8221;100%&#8221; global_colors_info=&#8221;{}&#8221;]<\/p>\n<p>CY JCH<\/p>\n<h2>Ihmetassun Illusion of Gaia<\/h2>\n<p>Enni<\/p>\n<p>[\/et_pb_text][et_pb_divider show_divider=&#8221;off&#8221; _builder_version=&#8221;3.2&#8243; max_width=&#8221;23px&#8221; module_alignment=&#8221;left&#8221; animation_style=&#8221;slide&#8221; animation_intensity_slide=&#8221;20%&#8221; animation_starting_opacity=&#8221;100%&#8221; locked=&#8221;off&#8221; global_colors_info=&#8221;{}&#8221;][\/et_pb_divider][et_pb_text _builder_version=&#8221;4.14.4&#8243; text_font=&#8221;||||||||&#8221; text_font_size=&#8221;16px&#8221; text_line_height=&#8221;1.8em&#8221; header_font=&#8221;||||||||&#8221; max_width=&#8221;90%&#8221; custom_margin=&#8221;|||&#8221; animation_style=&#8221;flip&#8221; animation_direction=&#8221;left&#8221; animation_intensity_flip=&#8221;30%&#8221; animation_starting_opacity=&#8221;100%&#8221; hover_enabled=&#8221;0&#8243; global_colors_info=&#8221;{}&#8221; sticky_enabled=&#8221;0&#8243;]<\/p>\n<p>s. 24.10.2016<br \/>soopeli <span style=\"color: #999999;\">\/ sable<\/span><br \/>shetlanninlammaskoiranarttu <span style=\"color: #999999;\">\/ Shetland sheepdog bitch<\/span><br \/>kasv. <span style=\"color: #999999;\">\/ breeder<\/span>: Eila Neuvonen, Mikkeli<br \/>34cm 7kg<\/p>\n<p>n\u00e4yttelyt Suomessa \/ <span style=\"color: #999999;\">shows in Finland<\/span>:<br \/>ERI SA <span style=\"color: #999999;\">\/ Excellent CQ<\/span><br \/>n\u00e4yttelyt ulkomailla<span style=\"color: #999999;\"> \/ shows abroad<\/span>:<br \/>ROP <span style=\"color: #999999;\">\/ BOB<\/span><br \/>SERT <span style=\"color: #999999;\">\/ CAC<\/span><br \/>PN-2 <span style=\"color: #999999;\">\/ BF-2<\/span><br \/>ROP-JUN <span style=\"color: #999999;\">\/ BOB-JUN<\/span><br \/>RYP-2 <span style=\"color: #999999;\">\/ BOG-2<\/span><br \/>RYP-3 <span style=\"color: #999999;\">\/ BOG-3<\/span><\/p>\n<p>lonkat <span style=\"color: #999999;\">\/ HD<\/span>: A\/B<br \/>kyyn\u00e4r\u00e4t <span style=\"color: #999999;\">\/ ED<\/span>: 0\/0<br \/>polvet <span style=\"color: #999999;\">\/ patellas<\/span>: 0\/0<\/p>\n<p>silm\u00e4t <span style=\"color: #999999;\">\/ eyes<\/span><br \/>2016 &#8211; ei todettu perinn\u00f6llisi\u00e4 silm\u00e4sairauksia <span style=\"color: #999999;\">\/ clear<\/span><br \/>2017 &#8211; ei todettu perinn\u00f6llisi\u00e4 silm\u00e4sairauksia <span style=\"color: #999999;\">\/ clear<\/span><br \/>CEA-terve <span style=\"color: #999999;\">\/ CEA-clear<\/span><\/p>\n<p>FI CH Dash&#8217;ing Optimistic Oliver x Peltsun Direx-Happy Honey<\/p>\n<p><span style=\"color: #999999;\">Check out the pedigree:<\/span><\/p>\n<p>[\/et_pb_text][et_pb_button button_url=&#8221;https:\/\/jalostus.kennelliitto.fi\/frmKoira.aspx?RekNo=FI53389%2F16&#8243; url_new_window=&#8221;on&#8221; button_text=&#8221;Koiranet&#8221; button_alignment=&#8221;left&#8221; _builder_version=&#8221;3.26.8&#8243; custom_button=&#8221;on&#8221; button_text_size=&#8221;16px&#8221; button_text_color=&#8221;#ffffff&#8221; button_bg_color=&#8221;#474747&#8243; button_border_width=&#8221;0px&#8221; button_letter_spacing=&#8221;2px&#8221; button_font=&#8221;Montserrat|600||on|||||&#8221; custom_margin=&#8221;||-1px|||&#8221; custom_padding=&#8221;12px||12px|&#8221; animation_style=&#8221;fade&#8221; animation_direction=&#8221;right&#8221; button_letter_spacing_hover=&#8221;2px&#8221; locked=&#8221;off&#8221; global_colors_info=&#8221;{}&#8221; button_text_size__hover_enabled=&#8221;off&#8221; button_one_text_size__hover_enabled=&#8221;off&#8221; button_two_text_size__hover_enabled=&#8221;off&#8221; button_text_color__hover_enabled=&#8221;off&#8221; button_one_text_color__hover_enabled=&#8221;off&#8221; button_two_text_color__hover_enabled=&#8221;off&#8221; button_border_width__hover_enabled=&#8221;off&#8221; button_one_border_width__hover_enabled=&#8221;off&#8221; button_two_border_width__hover_enabled=&#8221;off&#8221; button_border_color__hover_enabled=&#8221;off&#8221; button_one_border_color__hover_enabled=&#8221;off&#8221; button_two_border_color__hover_enabled=&#8221;off&#8221; button_border_radius__hover_enabled=&#8221;off&#8221; button_one_border_radius__hover_enabled=&#8221;off&#8221; button_two_border_radius__hover_enabled=&#8221;off&#8221; button_letter_spacing__hover_enabled=&#8221;on&#8221; button_letter_spacing__hover=&#8221;2px&#8221; button_one_letter_spacing__hover_enabled=&#8221;off&#8221; button_two_letter_spacing__hover_enabled=&#8221;off&#8221; button_bg_color__hover_enabled=&#8221;off&#8221; button_one_bg_color__hover_enabled=&#8221;off&#8221; button_two_bg_color__hover_enabled=&#8221;off&#8221;][\/et_pb_button][\/et_pb_column][et_pb_column type=&#8221;1_2&#8243; _builder_version=&#8221;3.25&#8243; custom_padding=&#8221;|||&#8221; global_colors_info=&#8221;{}&#8221; custom_padding__hover=&#8221;|||&#8221;][et_pb_image src=&#8221;https:\/\/www.feliwings.fi\/wp-content\/uploads\/2020\/01\/IMG_4861.jpg&#8221; align_tablet=&#8221;center&#8221; align_phone=&#8221;&#8221; align_last_edited=&#8221;on|desktop&#8221; _builder_version=&#8221;3.26.8&#8243; global_colors_info=&#8221;{}&#8221;][\/et_pb_image][et_pb_image src=&#8221;https:\/\/www.feliwings.fi\/wp-content\/uploads\/2020\/01\/20597299_10213694475586168_4510415504012461630_n.jpg&#8221; _builder_version=&#8221;3.26.8&#8243; global_colors_info=&#8221;{}&#8221;][\/et_pb_image][\/et_pb_column][\/et_pb_row][\/et_pb_section]<\/p>\n","protected":false},"excerpt":{"rendered":"<p>Enni CY JCH Ihmetassun Illusion Of GaiaCY JCH Ihmetassun Illusion of Gaia Ennis. 24.10.2016soopeli \/ sableshetlanninlammaskoiranarttu \/ Shetland sheepdog bitchkasv. \/ breeder: Eila Neuvonen, Mikkeli34cm 7kg n\u00e4yttelyt Suomessa \/ shows in Finland:ERI SA \/ Excellent CQn\u00e4yttelyt ulkomailla \/ shows abroad:ROP \/ BOBSERT \/ CACPN-2 \/ BF-2ROP-JUN \/ BOB-JUNRYP-2 \/ BOG-2RYP-3 \/ BOG-3 lonkat \/ HD: [&hellip;]<\/p>\n","protected":false},"author":1,"featured_media":0,"parent":0,"menu_order":0,"comment_status":"closed","ping_status":"closed","template":"","meta":{"_et_pb_use_builder":"on","_et_pb_old_content":"","_et_gb_content_width":"","footnotes":""},"class_list":["post-642","page","type-page","status-publish","hentry"],"_links":{"self":[{"href":"https:\/\/www.feliwings.fi\/index.php\/wp-json\/wp\/v2\/pages\/642","targetHints":{"allow":["GET"]}}],"collection":[{"href":"https:\/\/www.feliwings.fi\/index.php\/wp-json\/wp\/v2\/pages"}],"about":[{"href":"https:\/\/www.feliwings.fi\/index.php\/wp-json\/wp\/v2\/types\/page"}],"author":[{"embeddable":true,"href":"https:\/\/www.feliwings.fi\/index.php\/wp-json\/wp\/v2\/users\/1"}],"replies":[{"embeddable":true,"href":"https:\/\/www.feliwings.fi\/index.php\/wp-json\/wp\/v2\/comments?post=642"}],"version-history":[{"count":0,"href":"https:\/\/www.feliwings.fi\/index.php\/wp-json\/wp\/v2\/pages\/642\/revisions"}],"wp:attachment":[{"href":"https:\/\/www.feliwings.fi\/index.php\/wp-json\/wp\/v2\/media?parent=642"}],"curies":[{"name":"wp","href":"https:\/\/api.w.org\/{rel}","templated":true}]}}