{"id":1594,"date":"2025-01-23T18:55:30","date_gmt":"2025-01-23T18:55:30","guid":{"rendered":"https:\/\/www.feliwings.fi\/?page_id=1594"},"modified":"2026-04-23T12:57:24","modified_gmt":"2026-04-23T12:57:24","slug":"leo-sheltti","status":"publish","type":"page","link":"https:\/\/www.feliwings.fi\/index.php\/leo-sheltti\/","title":{"rendered":"Leo"},"content":{"rendered":"<p>[et_pb_section fb_built=&#8221;1&#8243; next_background_color=&#8221;#ffffff&#8221; admin_label=&#8221;Hero Section&#8221; _builder_version=&#8221;4.16&#8243; use_background_color_gradient=&#8221;on&#8221; background_color_gradient_stops=&#8221;rgba(0,0,0,0.4) 0%|rgba(0,0,0,0.4) 100%&#8221; background_color_gradient_overlays_image=&#8221;on&#8221; background_color_gradient_start=&#8221;rgba(0,0,0,0.4)&#8221; background_color_gradient_end=&#8221;rgba(0,0,0,0.4)&#8221; background_image=&#8221;https:\/\/www.feliwings.fi\/wp-content\/uploads\/2020\/01\/fog-1535201_1920.jpg&#8221; custom_padding=&#8221;6%||6%|&#8221; bottom_divider_style=&#8221;slant&#8221; bottom_divider_height=&#8221;60px&#8221; global_colors_info=&#8221;{}&#8221; background_color_gradient_direction__hover=&#8221;180deg&#8221; background_color_gradient_direction__hover_enabled=&#8221;180deg&#8221; background_color_gradient_start_position__hover=&#8221;0%&#8221; background_color_gradient_start_position__hover_enabled=&#8221;0%&#8221; background_color_gradient_end_position__hover=&#8221;100%&#8221; background_color_gradient_end_position__hover_enabled=&#8221;100%&#8221;][et_pb_row admin_label=&#8221;Page Title Area&#8221; _builder_version=&#8221;4.16&#8243; background_size=&#8221;initial&#8221; background_position=&#8221;top_left&#8221; background_repeat=&#8221;repeat&#8221; global_colors_info=&#8221;{}&#8221;][et_pb_column type=&#8221;4_4&#8243; _builder_version=&#8221;4.16&#8243; custom_padding=&#8221;|||&#8221; global_colors_info=&#8221;{}&#8221; custom_padding__hover=&#8221;|||&#8221;][et_pb_text admin_label=&#8221;Hero Section Title&#8221; _builder_version=&#8221;4.27.4&#8243; text_font=&#8221;Montserrat||||||||&#8221; text_font_size=&#8221;18px&#8221; text_line_height=&#8221;1.8em&#8221; header_font=&#8221;Montserrat|600||on|||||&#8221; header_font_size=&#8221;48px&#8221; header_letter_spacing=&#8221;3px&#8221; header_line_height=&#8221;1.3em&#8221; header_2_font=&#8221;Montserrat|700|||||||&#8221; header_2_text_color=&#8221;rgba(255,255,255,0.6)&#8221; header_2_font_size=&#8221;90px&#8221; header_2_letter_spacing=&#8221;3px&#8221; header_2_line_height=&#8221;1.1em&#8221; text_orientation=&#8221;center&#8221; background_layout=&#8221;dark&#8221; max_width=&#8221;700px&#8221; module_alignment=&#8221;center&#8221; custom_margin=&#8221;|||&#8221; animation_style=&#8221;fade&#8221; animation_direction=&#8221;bottom&#8221; header_font_size_tablet=&#8221;&#8221; header_font_size_phone=&#8221;28px&#8221; header_font_size_last_edited=&#8221;on|phone&#8221; header_2_font_size_tablet=&#8221;&#8221; header_2_font_size_phone=&#8221;50px&#8221; header_2_font_size_last_edited=&#8221;on|phone&#8221; header_text_shadow_style=&#8221;preset2&#8243; global_colors_info=&#8221;{}&#8221;]<\/p>\n<h1>Leo<\/h1>\n<h3>Be Perfect Surprise Skamainis<\/h3>\n<p>[\/et_pb_text][\/et_pb_column][\/et_pb_row][\/et_pb_section][et_pb_section fb_built=&#8221;1&#8243; disabled_on=&#8221;off|off|off&#8221; admin_label=&#8221;Featured Project&#8221; _builder_version=&#8221;4.16&#8243; custom_padding=&#8221;3px||110px|||&#8221; global_colors_info=&#8221;{}&#8221;][et_pb_row column_structure=&#8221;1_2,1_2&#8243; admin_label=&#8221;Featured Project&#8221; _builder_version=&#8221;4.16&#8243; custom_padding=&#8221;86px|||||&#8221; global_colors_info=&#8221;{}&#8221;][et_pb_column type=&#8221;1_2&#8243; _builder_version=&#8221;4.16&#8243; custom_padding=&#8221;|||&#8221; global_colors_info=&#8221;{}&#8221; custom_padding__hover=&#8221;|||&#8221;][et_pb_text disabled_on=&#8221;off|off|off&#8221; admin_label=&#8221;Title&#8221; _builder_version=&#8221;4.27.4&#8243; text_font=&#8221;Montserrat|||on|||||&#8221; text_font_size=&#8221;16px&#8221; text_line_height=&#8221;1.8em&#8221; header_font=&#8221;||||||||&#8221; header_2_font=&#8221;Montserrat|600||on|||||&#8221; header_2_font_size=&#8221;30px&#8221; header_2_line_height=&#8221;1.5em&#8221; custom_margin=&#8221;-49px||5px|||&#8221; animation_style=&#8221;slide&#8221; animation_direction=&#8221;top&#8221; animation_intensity_slide=&#8221;20%&#8221; animation_starting_opacity=&#8221;100%&#8221; global_colors_info=&#8221;{}&#8221;]<\/p>\n<h2>BE PERFECT SURPRISE SKAMAINIS<\/h2>\n<p>Leo<\/p>\n<p>[\/et_pb_text][et_pb_text _builder_version=&#8221;4.27.5&#8243; text_font=&#8221;||||||||&#8221; text_font_size=&#8221;16px&#8221; text_line_height=&#8221;1.8em&#8221; header_font=&#8221;||||||||&#8221; max_width=&#8221;90%&#8221; custom_margin=&#8221;|||&#8221; animation_style=&#8221;flip&#8221; animation_direction=&#8221;left&#8221; animation_intensity_flip=&#8221;30%&#8221; animation_starting_opacity=&#8221;100%&#8221; hover_enabled=&#8221;0&#8243; global_colors_info=&#8221;{}&#8221; sticky_enabled=&#8221;0&#8243;]<\/p>\n<p>s. 9.5.2024<br \/>tricolour<br \/>shetlanninlammaskoirauros\u00a0<span style=\"color: #999999;\">\/ Shetland sheepdog male<\/span><br \/>kasv. <span style=\"color: #999999;\">\/ breeder<\/span> Jelena \u0160tangejeva, Lithuania<br \/>41cm 9kg<\/p>\n<p>lonkat <span style=\"color: #999999;\">\/ hips<\/span>: C\/C<br \/>kyyn\u00e4r\u00e4t <span style=\"color: #999999;\">\/ elbows<\/span>: 0\/0<br \/>polvet <span style=\"color: #999999;\">\/ patellas<\/span>: 0\/0<br \/>selk\u00e4 <span style=\"color: #999999;\">\/ spine<\/span>: LTV0 VA0<br \/>olat <span style=\"color: #999999;\">\/ shoulders<\/span>: ei todettu\/ei todettu<\/p>\n<p>silm\u00e4t <span style=\"color: #999999;\">\/ eyes<\/span><br \/>2025 &#8211; ei perinn\u00f6llisi\u00e4 silm\u00e4sairauksia <span style=\"color: #999999;\">\/ clear<br \/><\/span><span style=\"color: #000000;\"><span style=\"color: #333333;\">2024 &#8211; ei perinn\u00f6llisi\u00e4 silm\u00e4sairauksi<\/span>a<\/span><span style=\"color: #999999;\">\/ clear<br \/><\/span><span style=\"color: #999999;\"><\/span><\/p>\n<p><span style=\"color: #999999;\">Check out the pedigree:<\/span><\/p>\n<p>[\/et_pb_text][et_pb_button button_url=&#8221;https:\/\/jalostus.kennelliitto.fi\/frmKoira.aspx?RekNo=FI11150%2F26&#038;R=88&#8243; url_new_window=&#8221;on&#8221; button_text=&#8221;Sukutaulu&#8221; button_alignment=&#8221;left&#8221; disabled_on=&#8221;off|off|off&#8221; _builder_version=&#8221;4.27.5&#8243; custom_button=&#8221;on&#8221; button_text_size=&#8221;16px&#8221; button_text_color=&#8221;#ffffff&#8221; button_bg_color=&#8221;#474747&#8243; button_border_width=&#8221;0px&#8221; button_letter_spacing=&#8221;2px&#8221; button_font=&#8221;Montserrat|600||on|||||&#8221; custom_margin=&#8221;|||&#8221; custom_padding=&#8221;12px||12px|&#8221; animation_style=&#8221;fade&#8221; animation_direction=&#8221;right&#8221; button_letter_spacing_hover=&#8221;2px&#8221; locked=&#8221;off&#8221; global_colors_info=&#8221;{}&#8221; button_text_size__hover_enabled=&#8221;off&#8221; button_one_text_size__hover_enabled=&#8221;off&#8221; button_two_text_size__hover_enabled=&#8221;off&#8221; button_text_color__hover_enabled=&#8221;off&#8221; button_one_text_color__hover_enabled=&#8221;off&#8221; button_two_text_color__hover_enabled=&#8221;off&#8221; button_border_width__hover_enabled=&#8221;off&#8221; button_one_border_width__hover_enabled=&#8221;off&#8221; button_two_border_width__hover_enabled=&#8221;off&#8221; button_border_color__hover_enabled=&#8221;off&#8221; button_one_border_color__hover_enabled=&#8221;off&#8221; button_two_border_color__hover_enabled=&#8221;off&#8221; button_border_radius__hover_enabled=&#8221;off&#8221; button_one_border_radius__hover_enabled=&#8221;off&#8221; button_two_border_radius__hover_enabled=&#8221;off&#8221; button_letter_spacing__hover_enabled=&#8221;on&#8221; button_letter_spacing__hover=&#8221;2px&#8221; button_one_letter_spacing__hover_enabled=&#8221;off&#8221; button_two_letter_spacing__hover_enabled=&#8221;off&#8221; button_bg_color__hover_enabled=&#8221;off&#8221; button_one_bg_color__hover_enabled=&#8221;off&#8221; button_two_bg_color__hover_enabled=&#8221;off&#8221;][\/et_pb_button][\/et_pb_column][et_pb_column type=&#8221;1_2&#8243; _builder_version=&#8221;4.16&#8243; custom_padding=&#8221;|||&#8221; global_colors_info=&#8221;{}&#8221; custom_padding__hover=&#8221;|||&#8221;][et_pb_image src=&#8221;https:\/\/www.feliwings.fi\/wp-content\/uploads\/2025\/01\/leo3kk.png&#8221; title_text=&#8221;leo3kk&#8221; _builder_version=&#8221;4.27.4&#8243; _module_preset=&#8221;default&#8221; global_colors_info=&#8221;{}&#8221;][\/et_pb_image][\/et_pb_column][\/et_pb_row][et_pb_row _builder_version=&#8221;4.16&#8243; _module_preset=&#8221;default&#8221; global_colors_info=&#8221;{}&#8221;][et_pb_column type=&#8221;4_4&#8243; _builder_version=&#8221;4.16&#8243; _module_preset=&#8221;default&#8221; global_colors_info=&#8221;{}&#8221;][et_pb_text _builder_version=&#8221;4.27.4&#8243; _module_preset=&#8221;default&#8221; global_colors_info=&#8221;{}&#8221;]<\/p>\n<p style=\"text-align: center;\">is\u00e4 <span style=\"color: #999999;\">\/ father<\/span>: LT JCH LT CH LV CH PL CH Alvis Gintarin<span>\u0117 Sala<\/span><\/p>\n<p style=\"text-align: center;\">em\u00e4 <span style=\"color: #999999;\">\/ mother<\/span>: C.I.B.-J LT JCH LT JGCH LV JCH EST JCH BALT JCH LT CH LT GCH LV CH EST CH BALT CH HR CH PL CH Boni Auksin<span>\u0117 Saul\u0117 <\/span><\/p>\n<p>[\/et_pb_text][\/et_pb_column][\/et_pb_row][et_pb_row column_structure=&#8221;1_2,1_2&#8243; _builder_version=&#8221;4.16&#8243; _module_preset=&#8221;default&#8221; global_colors_info=&#8221;{}&#8221;][et_pb_column type=&#8221;1_2&#8243; _builder_version=&#8221;4.16&#8243; _module_preset=&#8221;default&#8221; global_colors_info=&#8221;{}&#8221;][et_pb_text _builder_version=&#8221;4.27.4&#8243; text_font=&#8221;||||||||&#8221; text_font_size=&#8221;16px&#8221; text_line_height=&#8221;1.8em&#8221; header_font=&#8221;||||||||&#8221; max_width=&#8221;90%&#8221; custom_margin=&#8221;|||&#8221; animation_style=&#8221;flip&#8221; animation_direction=&#8221;left&#8221; animation_intensity_flip=&#8221;30%&#8221; animation_starting_opacity=&#8221;100%&#8221; global_colors_info=&#8221;{}&#8221;]<\/p>\n<p>CEA-kantaja <span style=\"color: #999999;\">\/ CEA-carrier<br \/><span style=\"color: #333333;\">MDR-kantaja<\/span> \/ MDR-carrier<br \/><span style=\"color: #333333;\">PRA-CNGA1-terve<\/span> \/ PRA-CNGA1-clear<br \/><span style=\"color: #333333;\">PRA-BBS2-terve<\/span> \/ PRA-BBS2-clear<br \/><span style=\"color: #333333;\">vWD-III-terve<\/span> \/ vWD-III-clear<br \/><span><span style=\"color: #333300;\">DM-terve<\/span> \/ DM-clear<br \/><span style=\"color: #333300;\">M\/m<\/span><br \/><\/span><\/span><\/p>\n<p><span style=\"color: #999999;\"><span style=\"color: #333333;\">saksipurenta<\/span><br \/>scissor bite<\/span><\/p>\n<p>[\/et_pb_text][\/et_pb_column][et_pb_column type=&#8221;1_2&#8243; _builder_version=&#8221;4.16&#8243; _module_preset=&#8221;default&#8221; global_colors_info=&#8221;{}&#8221;][et_pb_text _builder_version=&#8221;4.27.5&#8243; text_font=&#8221;||||||||&#8221; text_font_size=&#8221;16px&#8221; text_line_height=&#8221;1.8em&#8221; header_font=&#8221;||||||||&#8221; max_width=&#8221;90%&#8221; custom_margin=&#8221;|||&#8221; animation_style=&#8221;flip&#8221; animation_direction=&#8221;left&#8221; animation_intensity_flip=&#8221;30%&#8221; animation_starting_opacity=&#8221;100%&#8221; hover_enabled=&#8221;0&#8243; global_colors_info=&#8221;{}&#8221; sticky_enabled=&#8221;0&#8243;]<\/p>\n<p>N\u00e4yttelytulokset Suomessa <span style=\"color: #999999;\">\/ Show results in Finland<br \/><\/span><span style=\"color: #999999;\"><span style=\"color: #333333;\">ERI JUK1 PU3 SA, JUN ROP, SERT, JUN-SERT<br \/><\/span>EXC JUN1 BM3 CQ, BOB-J, CAC, J-CAC<\/span><\/p>\n<p><span style=\"color: #999999;\"><span style=\"color: #333333;\">N\u00e4yttelutulokset ulkomailla <\/span>\/ Show results abroad<br \/><\/span><span style=\"color: #333300;\">ERI NUK1 PU2 SERT vara-CACIB (Liettua)<\/span><span style=\"color: #999999;\"><br \/>EXC INT1 BM2 CAC R-CACIB (Lithuania)<\/span><span style=\"color: #999999;\"><\/span><\/p>\n<p>[\/et_pb_text][\/et_pb_column][\/et_pb_row][et_pb_row _builder_version=&#8221;4.27.4&#8243; _module_preset=&#8221;default&#8221; global_colors_info=&#8221;{}&#8221;][et_pb_column type=&#8221;4_4&#8243; _builder_version=&#8221;4.27.4&#8243; _module_preset=&#8221;default&#8221; global_colors_info=&#8221;{}&#8221;][et_pb_image src=&#8221;https:\/\/www.feliwings.fi\/wp-content\/uploads\/2025\/01\/Screenshot_20250123_204337_WhatsApp.jpg&#8221; title_text=&#8221;Screenshot_20250123_204337_WhatsApp&#8221; _builder_version=&#8221;4.27.4&#8243; _module_preset=&#8221;default&#8221; width=&#8221;71%&#8221; module_alignment=&#8221;center&#8221; global_colors_info=&#8221;{}&#8221;][\/et_pb_image][et_pb_text _builder_version=&#8221;4.27.4&#8243; _module_preset=&#8221;default&#8221; module_alignment=&#8221;left&#8221; custom_margin=&#8221;-21px|||||&#8221; global_colors_info=&#8221;{}&#8221;]<\/p>\n<p style=\"text-align: center;\">Leo 4kk (c) Tiffani Jylh\u00e4nniska<\/p>\n<p>[\/et_pb_text][\/et_pb_column][\/et_pb_row][et_pb_row _builder_version=&#8221;4.27.5&#8243; _module_preset=&#8221;default&#8221;][et_pb_column _builder_version=&#8221;4.27.5&#8243; _module_preset=&#8221;default&#8221; type=&#8221;4_4&#8243;][et_pb_image src=&#8221;https:\/\/www.feliwings.fi\/wp-content\/uploads\/2026\/04\/DSC_2177.jpg&#8221; _builder_version=&#8221;4.27.5&#8243; _module_preset=&#8221;default&#8221; title_text=&#8221;DSC_2177&#8243; width=&#8221;72%&#8221; module_alignment=&#8221;center&#8221; hover_enabled=&#8221;0&#8243; sticky_enabled=&#8221;0&#8243;][\/et_pb_image][et_pb_image src=&#8221;https:\/\/www.feliwings.fi\/wp-content\/uploads\/2026\/04\/DSC_1990.jpg&#8221; _builder_version=&#8221;4.27.5&#8243; _module_preset=&#8221;default&#8221; title_text=&#8221;DSC_1990&#8243; width=&#8221;72%&#8221; module_alignment=&#8221;center&#8221; hover_enabled=&#8221;0&#8243; sticky_enabled=&#8221;0&#8243;][\/et_pb_image][et_pb_text _builder_version=&#8221;4.27.5&#8243; _module_preset=&#8221;default&#8221; hover_enabled=&#8221;0&#8243; sticky_enabled=&#8221;0&#8243;]<\/p>\n<p style=\"text-align: center;\">Leo 1v 2kk (c) Hanna Dymytrova-Kaihila<\/p>\n<p>[\/et_pb_text][\/et_pb_column][\/et_pb_row][et_pb_row column_structure=&#8221;1_2,1_2&#8243; disabled_on=&#8221;on|on|on&#8221; _builder_version=&#8221;4.27.4&#8243; _module_preset=&#8221;default&#8221; disabled=&#8221;on&#8221; global_colors_info=&#8221;{}&#8221;][et_pb_column type=&#8221;1_2&#8243; _builder_version=&#8221;4.16&#8243; _module_preset=&#8221;default&#8221; global_colors_info=&#8221;{}&#8221;][et_pb_image src=&#8221;https:\/\/www.feliwings.fi\/wp-content\/uploads\/2022\/01\/Rio-29.8.21-06-scaled.jpg&#8221; title_text=&#8221;Rio 29.8.21-06&#8243; _builder_version=&#8221;4.16&#8243; _module_preset=&#8221;default&#8221; global_colors_info=&#8221;{}&#8221;][\/et_pb_image][et_pb_text _builder_version=&#8221;4.16&#8243; _module_preset=&#8221;default&#8221; custom_margin=&#8221;-26px|||||&#8221; global_colors_info=&#8221;{}&#8221;]<\/p>\n<p style=\"text-align: center;\">(c) Kerttu Luostarinen<\/p>\n<p>[\/et_pb_text][\/et_pb_column][et_pb_column type=&#8221;1_2&#8243; _builder_version=&#8221;4.16&#8243; _module_preset=&#8221;default&#8221; global_colors_info=&#8221;{}&#8221;][et_pb_image src=&#8221;https:\/\/www.feliwings.fi\/wp-content\/uploads\/2022\/01\/Rio-Enni-ja-Aura-29.8.21-04-scaled.jpg&#8221; title_text=&#8221;Rio, Enni ja Aura 29.8.21-04&#8243; _builder_version=&#8221;4.16&#8243; _module_preset=&#8221;default&#8221; custom_padding=&#8221;|0px||||&#8221; global_colors_info=&#8221;{}&#8221;][\/et_pb_image][et_pb_image src=&#8221;https:\/\/www.feliwings.fi\/wp-content\/uploads\/2022\/01\/received_906399380290124.jpeg&#8221; title_text=&#8221;received_906399380290124&#8243; _builder_version=&#8221;4.16&#8243; _module_preset=&#8221;default&#8221; global_colors_info=&#8221;{}&#8221;][\/et_pb_image][et_pb_text _builder_version=&#8221;4.16&#8243; _module_preset=&#8221;default&#8221; custom_margin=&#8221;-26px|||||&#8221; global_colors_info=&#8221;{}&#8221;]<\/p>\n<p style=\"text-align: center;\">(c) Kerttu Luostarinen<\/p>\n<p>[\/et_pb_text][\/et_pb_column][\/et_pb_row][\/et_pb_section]<\/p>\n","protected":false},"excerpt":{"rendered":"<p>Leo Be Perfect Surprise SkamainisBE PERFECT SURPRISE SKAMAINIS Leos. 9.5.2024tricolourshetlanninlammaskoirauros\u00a0\/ Shetland sheepdog malekasv. \/ breeder Jelena \u0160tangejeva, Lithuania41cm 9kg lonkat \/ hips: C\/Ckyyn\u00e4r\u00e4t \/ elbows: 0\/0polvet \/ patellas: 0\/0selk\u00e4 \/ spine: LTV0 VA0olat \/ shoulders: ei todettu\/ei todettu silm\u00e4t \/ eyes2025 &#8211; ei perinn\u00f6llisi\u00e4 silm\u00e4sairauksia \/ clear2024 &#8211; ei perinn\u00f6llisi\u00e4 silm\u00e4sairauksia\/ clear Check out the [&hellip;]<\/p>\n","protected":false},"author":1,"featured_media":0,"parent":0,"menu_order":0,"comment_status":"closed","ping_status":"closed","template":"","meta":{"_et_pb_use_builder":"on","_et_pb_old_content":"","_et_gb_content_width":"","footnotes":""},"class_list":["post-1594","page","type-page","status-publish","hentry"],"_links":{"self":[{"href":"https:\/\/www.feliwings.fi\/index.php\/wp-json\/wp\/v2\/pages\/1594","targetHints":{"allow":["GET"]}}],"collection":[{"href":"https:\/\/www.feliwings.fi\/index.php\/wp-json\/wp\/v2\/pages"}],"about":[{"href":"https:\/\/www.feliwings.fi\/index.php\/wp-json\/wp\/v2\/types\/page"}],"author":[{"embeddable":true,"href":"https:\/\/www.feliwings.fi\/index.php\/wp-json\/wp\/v2\/users\/1"}],"replies":[{"embeddable":true,"href":"https:\/\/www.feliwings.fi\/index.php\/wp-json\/wp\/v2\/comments?post=1594"}],"version-history":[{"count":6,"href":"https:\/\/www.feliwings.fi\/index.php\/wp-json\/wp\/v2\/pages\/1594\/revisions"}],"predecessor-version":[{"id":1847,"href":"https:\/\/www.feliwings.fi\/index.php\/wp-json\/wp\/v2\/pages\/1594\/revisions\/1847"}],"wp:attachment":[{"href":"https:\/\/www.feliwings.fi\/index.php\/wp-json\/wp\/v2\/media?parent=1594"}],"curies":[{"name":"wp","href":"https:\/\/api.w.org\/{rel}","templated":true}]}}