{"id":1391,"date":"2023-12-29T15:11:24","date_gmt":"2023-12-29T15:11:24","guid":{"rendered":"https:\/\/www.feliwings.fi\/?page_id=1391"},"modified":"2025-01-27T11:59:05","modified_gmt":"2025-01-27T11:59:05","slug":"kasipentue","status":"publish","type":"page","link":"https:\/\/www.feliwings.fi\/index.php\/kasipentue\/","title":{"rendered":"Kasipentue"},"content":{"rendered":"<p>[et_pb_section fb_built=&#8221;1&#8243; next_background_color=&#8221;#ffffff&#8221; admin_label=&#8221;Hero Section&#8221; _builder_version=&#8221;4.16&#8243; use_background_color_gradient=&#8221;on&#8221; background_color_gradient_stops=&#8221;rgba(0,0,0,0.4) 0%|rgba(0,0,0,0.4) 100%&#8221; background_color_gradient_overlays_image=&#8221;on&#8221; background_color_gradient_start=&#8221;rgba(0,0,0,0.4)&#8221; background_color_gradient_end=&#8221;rgba(0,0,0,0.4)&#8221; background_image=&#8221;https:\/\/www.feliwings.fi\/wp-content\/uploads\/2020\/01\/fog-1535201_1920.jpg&#8221; custom_padding=&#8221;6%||6%|&#8221; bottom_divider_style=&#8221;slant&#8221; bottom_divider_height=&#8221;60px&#8221; global_colors_info=&#8221;{}&#8221; background_color_gradient_direction__hover=&#8221;180deg&#8221; background_color_gradient_direction__hover_enabled=&#8221;180deg&#8221; background_color_gradient_start_position__hover=&#8221;0%&#8221; background_color_gradient_start_position__hover_enabled=&#8221;0%&#8221; background_color_gradient_end_position__hover=&#8221;100%&#8221; background_color_gradient_end_position__hover_enabled=&#8221;100%&#8221;][et_pb_row admin_label=&#8221;Page Title Area&#8221; _builder_version=&#8221;4.16&#8243; background_size=&#8221;initial&#8221; background_position=&#8221;top_left&#8221; background_repeat=&#8221;repeat&#8221; global_colors_info=&#8221;{}&#8221;][et_pb_column type=&#8221;4_4&#8243; _builder_version=&#8221;4.16&#8243; custom_padding=&#8221;|||&#8221; global_colors_info=&#8221;{}&#8221; custom_padding__hover=&#8221;|||&#8221;][et_pb_text admin_label=&#8221;Hero Section Title&#8221; _builder_version=&#8221;4.23.3&#8243; text_font=&#8221;Montserrat||||||||&#8221; text_font_size=&#8221;18px&#8221; text_line_height=&#8221;1.8em&#8221; header_font=&#8221;Montserrat|600||on|||||&#8221; header_font_size=&#8221;48px&#8221; header_letter_spacing=&#8221;3px&#8221; header_line_height=&#8221;1.3em&#8221; header_2_font=&#8221;Montserrat|700|||||||&#8221; header_2_text_color=&#8221;rgba(255,255,255,0.6)&#8221; header_2_font_size=&#8221;90px&#8221; header_2_letter_spacing=&#8221;3px&#8221; header_2_line_height=&#8221;1.1em&#8221; text_orientation=&#8221;center&#8221; background_layout=&#8221;dark&#8221; max_width=&#8221;700px&#8221; module_alignment=&#8221;center&#8221; custom_margin=&#8221;|||&#8221; animation_style=&#8221;fade&#8221; animation_direction=&#8221;bottom&#8221; header_font_size_tablet=&#8221;&#8221; header_font_size_phone=&#8221;28px&#8221; header_font_size_last_edited=&#8221;on|phone&#8221; header_2_font_size_tablet=&#8221;&#8221; header_2_font_size_phone=&#8221;50px&#8221; header_2_font_size_last_edited=&#8221;on|phone&#8221; global_colors_info=&#8221;{}&#8221;]<\/p>\n<h1>Kasipentue<\/h1>\n<p><span>N\u00e4m\u00e4 koirat asuvat jo onnellisesti uusissa kodeissaan.\u00a0<\/span><\/p>\n<p>[\/et_pb_text][\/et_pb_column][\/et_pb_row][\/et_pb_section][et_pb_section fb_built=&#8221;1&#8243; disabled_on=&#8221;off|off|off&#8221; admin_label=&#8221;Featured Project&#8221; _builder_version=&#8221;4.16&#8243; custom_padding=&#8221;2px||25px|||&#8221; global_colors_info=&#8221;{}&#8221;][et_pb_row _builder_version=&#8221;4.16&#8243; global_colors_info=&#8221;{}&#8221;][et_pb_column type=&#8221;4_4&#8243; _builder_version=&#8221;4.16&#8243; global_colors_info=&#8221;{}&#8221;][et_pb_image src=&#8221;https:\/\/www.feliwings.fi\/wp-content\/uploads\/2023\/12\/IMG-20230716-WA0033.jpg&#8221; title_text=&#8221;IMG-20230716-WA0033&#8243; _builder_version=&#8221;4.23.3&#8243; max_width=&#8221;85%&#8221; module_alignment=&#8221;center&#8221; custom_margin=&#8221;||29px|||&#8221; global_colors_info=&#8221;{}&#8221;][\/et_pb_image][et_pb_text _builder_version=&#8221;4.16&#8243; _module_preset=&#8221;default&#8221; global_colors_info=&#8221;{}&#8221;]<\/p>\n<p style=\"text-align: center;\">Kaikki kuvat t\u00e4ll\u00e4 sivulla (c) Kerttu Luostarinen<\/p>\n<p>[\/et_pb_text][\/et_pb_column][\/et_pb_row][et_pb_row _builder_version=&#8221;4.16&#8243; _module_preset=&#8221;default&#8221; global_colors_info=&#8221;{}&#8221;][et_pb_column type=&#8221;4_4&#8243; _builder_version=&#8221;4.16&#8243; _module_preset=&#8221;default&#8221; global_colors_info=&#8221;{}&#8221;][et_pb_text _builder_version=&#8221;4.23.3&#8243; text_font=&#8221;||||||||&#8221; text_font_size=&#8221;16px&#8221; text_line_height=&#8221;1.8em&#8221; header_font=&#8221;||||||||&#8221; max_width=&#8221;90%&#8221; custom_margin=&#8221;|||&#8221; custom_padding=&#8221;0px|||||&#8221; animation_style=&#8221;flip&#8221; animation_direction=&#8221;left&#8221; animation_intensity_flip=&#8221;30%&#8221; animation_starting_opacity=&#8221;100%&#8221; global_colors_info=&#8221;{}&#8221;]<\/p>\n<div class=\"b b-text text cf design-01\">\n<div class=\"b-c b-s b-s-t60 b-s-b60 text-content cf\">\n<h2>Feliwing&#8217;s Kasipentue<\/h2>\n<\/div>\n<\/div>\n<div class=\"b b-text text cf design-01\">\n<div class=\"b-c b-s b-s-t60 b-s-b60 text-content cf\">\n<p>s. 27.5.2023<br \/>i. FI CH EE CH LV CH LT JCH LV JCH EE JCH BALT JCH<br \/>Dreamhill You Make Me Happy<br \/>e. FI CH CY CH Ihmetassun Diva With Dazzling Wings<\/p>\n<p>soop u. Feliwing&#8217;s Biggity-Bam<\/p>\n<\/div>\n<\/div>\n<div id=\"gtx-trans\" style=\"position: absolute; left: -51px; top: 242.812px;\">\n<div class=\"gtx-trans-icon\"><\/div>\n<\/div>\n<p>[\/et_pb_text][\/et_pb_column][\/et_pb_row][et_pb_row _builder_version=&#8221;4.16&#8243; global_colors_info=&#8221;{}&#8221;][et_pb_column type=&#8221;4_4&#8243; _builder_version=&#8221;4.16&#8243; global_colors_info=&#8221;{}&#8221;][et_pb_button button_url=&#8221;https:\/\/jalostus.kennelliitto.fi\/frmKoira.aspx?RekNo=FI33725%2F23&#038;R=88&#8243; url_new_window=&#8221;on&#8221; button_text=&#8221;Linkki yhdistelm\u00e4\u00e4n&#8221; button_alignment=&#8221;center&#8221; _builder_version=&#8221;4.23.3&#8243; custom_button=&#8221;on&#8221; button_text_color=&#8221;#000000&#8243; global_colors_info=&#8221;{}&#8221;][\/et_pb_button][\/et_pb_column][\/et_pb_row][\/et_pb_section][et_pb_section fb_built=&#8221;1&#8243; _builder_version=&#8221;4.16&#8243; global_colors_info=&#8221;{}&#8221;][et_pb_row column_structure=&#8221;1_2,1_2&#8243; _builder_version=&#8221;4.16&#8243; global_colors_info=&#8221;{}&#8221;][et_pb_column type=&#8221;1_2&#8243; _builder_version=&#8221;4.16&#8243; global_colors_info=&#8221;{}&#8221;][et_pb_text _builder_version=&#8221;4.27.4&#8243; global_colors_info=&#8221;{}&#8221;]<\/p>\n<h3>Feliwing&#8217;s Biggity-Bam &#8220;Bobhy&#8221;<\/h3>\n<p>soopeli uros<br \/>45cm+<\/p>\n<p>lonkat: A\/A<br \/>kyyn\u00e4r\u00e4t: 0\/0<br \/>polvet: 0\/0<br \/>selk\u00e4: LTV0 VA0<br \/>olat: ei todettu\/ei todettu<br \/>syd\u00e4n: ei sivu\u00e4\u00e4ni\u00e4 (pentuna)<\/p>\n<p>silm\u00e4t:<br \/>terveet pentutarkastus 2023<br \/><span style=\"font-size: 14px;\"><\/span><\/p>\n<p>om. Taru H.<\/p>\n<p>normaalit kivekset<\/p>\n<p>&nbsp;<\/p>\n<p>[\/et_pb_text][\/et_pb_column][et_pb_column type=&#8221;1_2&#8243; _builder_version=&#8221;4.16&#8243; global_colors_info=&#8221;{}&#8221;][et_pb_image src=&#8221;https:\/\/www.feliwings.fi\/wp-content\/uploads\/2023\/12\/IMG-20230716-WA0022.jpg&#8221; title_text=&#8221;IMG-20230716-WA0022&#8243; _builder_version=&#8221;4.23.3&#8243; _module_preset=&#8221;default&#8221; max_height=&#8221;552px&#8221; global_colors_info=&#8221;{}&#8221;][\/et_pb_image][\/et_pb_column][\/et_pb_row][\/et_pb_section][et_pb_section fb_built=&#8221;1&#8243; _builder_version=&#8221;4.16&#8243; global_colors_info=&#8221;{}&#8221;][et_pb_row _builder_version=&#8221;4.23.3&#8243; _module_preset=&#8221;default&#8221; global_colors_info=&#8221;{}&#8221;][et_pb_column type=&#8221;4_4&#8243; _builder_version=&#8221;4.23.3&#8243; _module_preset=&#8221;default&#8221; global_colors_info=&#8221;{}&#8221;][et_pb_image src=&#8221;https:\/\/www.feliwings.fi\/wp-content\/uploads\/2023\/12\/IMG-20230716-WA0036.jpg&#8221; title_text=&#8221;IMG-20230716-WA0036&#8243; _builder_version=&#8221;4.23.3&#8243; _module_preset=&#8221;default&#8221; max_width=&#8221;69%&#8221; module_alignment=&#8221;center&#8221; global_colors_info=&#8221;{}&#8221;][\/et_pb_image][\/et_pb_column][\/et_pb_row][\/et_pb_section]<\/p>\n","protected":false},"excerpt":{"rendered":"<p>Kasipentue N\u00e4m\u00e4 koirat asuvat jo onnellisesti uusissa kodeissaan.\u00a0Kaikki kuvat t\u00e4ll\u00e4 sivulla (c) Kerttu Luostarinen Feliwing&#8217;s Kasipentue s. 27.5.2023i. FI CH EE CH LV CH LT JCH LV JCH EE JCH BALT JCHDreamhill You Make Me Happye. FI CH CY CH Ihmetassun Diva With Dazzling Wings soop u. Feliwing&#8217;s Biggity-Bam Feliwing&#8217;s Biggity-Bam &#8220;Bobhy&#8221; soopeli uros45cm+ lonkat: [&hellip;]<\/p>\n","protected":false},"author":1,"featured_media":0,"parent":0,"menu_order":0,"comment_status":"closed","ping_status":"closed","template":"","meta":{"_et_pb_use_builder":"on","_et_pb_old_content":"","_et_gb_content_width":"","footnotes":""},"class_list":["post-1391","page","type-page","status-publish","hentry"],"_links":{"self":[{"href":"https:\/\/www.feliwings.fi\/index.php\/wp-json\/wp\/v2\/pages\/1391","targetHints":{"allow":["GET"]}}],"collection":[{"href":"https:\/\/www.feliwings.fi\/index.php\/wp-json\/wp\/v2\/pages"}],"about":[{"href":"https:\/\/www.feliwings.fi\/index.php\/wp-json\/wp\/v2\/types\/page"}],"author":[{"embeddable":true,"href":"https:\/\/www.feliwings.fi\/index.php\/wp-json\/wp\/v2\/users\/1"}],"replies":[{"embeddable":true,"href":"https:\/\/www.feliwings.fi\/index.php\/wp-json\/wp\/v2\/comments?post=1391"}],"version-history":[{"count":6,"href":"https:\/\/www.feliwings.fi\/index.php\/wp-json\/wp\/v2\/pages\/1391\/revisions"}],"predecessor-version":[{"id":1651,"href":"https:\/\/www.feliwings.fi\/index.php\/wp-json\/wp\/v2\/pages\/1391\/revisions\/1651"}],"wp:attachment":[{"href":"https:\/\/www.feliwings.fi\/index.php\/wp-json\/wp\/v2\/media?parent=1391"}],"curies":[{"name":"wp","href":"https:\/\/api.w.org\/{rel}","templated":true}]}}