{"id":1267,"date":"2023-04-17T12:12:28","date_gmt":"2023-04-17T12:12:28","guid":{"rendered":"https:\/\/www.feliwings.fi\/?page_id=1267"},"modified":"2025-02-14T05:44:29","modified_gmt":"2025-02-14T05:44:29","slug":"nicky-sheltti","status":"publish","type":"page","link":"https:\/\/www.feliwings.fi\/index.php\/nicky-sheltti\/","title":{"rendered":"Nicky"},"content":{"rendered":"<p>[et_pb_section fb_built=&#8221;1&#8243; next_background_color=&#8221;#ffffff&#8221; admin_label=&#8221;Hero Section&#8221; _builder_version=&#8221;4.16&#8243; use_background_color_gradient=&#8221;on&#8221; background_color_gradient_stops=&#8221;rgba(0,0,0,0.4) 0%|rgba(0,0,0,0.4) 100%&#8221; background_color_gradient_overlays_image=&#8221;on&#8221; background_color_gradient_start=&#8221;rgba(0,0,0,0.4)&#8221; background_color_gradient_end=&#8221;rgba(0,0,0,0.4)&#8221; background_image=&#8221;https:\/\/www.feliwings.fi\/wp-content\/uploads\/2020\/01\/fog-1535201_1920.jpg&#8221; custom_padding=&#8221;6%||6%|&#8221; bottom_divider_style=&#8221;slant&#8221; bottom_divider_height=&#8221;60px&#8221; global_colors_info=&#8221;{}&#8221; background_color_gradient_direction__hover=&#8221;180deg&#8221; background_color_gradient_direction__hover_enabled=&#8221;180deg&#8221; background_color_gradient_start_position__hover=&#8221;0%&#8221; background_color_gradient_start_position__hover_enabled=&#8221;0%&#8221; background_color_gradient_end_position__hover=&#8221;100%&#8221; background_color_gradient_end_position__hover_enabled=&#8221;100%&#8221; background_color_gradient_stops__hover=&#8221;rgba(0,0,0,0.4) 0%|rgba(0,0,0,0.4) 100%&#8221;][et_pb_row admin_label=&#8221;Page Title Area&#8221; _builder_version=&#8221;4.16&#8243; background_size=&#8221;initial&#8221; background_position=&#8221;top_left&#8221; background_repeat=&#8221;repeat&#8221; global_colors_info=&#8221;{}&#8221;][et_pb_column type=&#8221;4_4&#8243; _builder_version=&#8221;4.16&#8243; custom_padding=&#8221;|||&#8221; global_colors_info=&#8221;{}&#8221; custom_padding__hover=&#8221;|||&#8221;][et_pb_text admin_label=&#8221;Hero Section Title&#8221; _builder_version=&#8221;4.20.4&#8243; text_font=&#8221;Montserrat||||||||&#8221; text_font_size=&#8221;18px&#8221; text_line_height=&#8221;1.8em&#8221; header_font=&#8221;Montserrat|600||on|||||&#8221; header_font_size=&#8221;48px&#8221; header_letter_spacing=&#8221;3px&#8221; header_line_height=&#8221;1.3em&#8221; header_2_font=&#8221;Montserrat|700|||||||&#8221; header_2_text_color=&#8221;rgba(255,255,255,0.6)&#8221; header_2_font_size=&#8221;90px&#8221; header_2_letter_spacing=&#8221;3px&#8221; header_2_line_height=&#8221;1.1em&#8221; text_orientation=&#8221;center&#8221; background_layout=&#8221;dark&#8221; max_width=&#8221;700px&#8221; module_alignment=&#8221;center&#8221; custom_margin=&#8221;|||&#8221; animation_style=&#8221;fade&#8221; animation_direction=&#8221;bottom&#8221; header_font_size_tablet=&#8221;&#8221; header_font_size_phone=&#8221;28px&#8221; header_font_size_last_edited=&#8221;on|phone&#8221; header_2_font_size_tablet=&#8221;&#8221; header_2_font_size_phone=&#8221;50px&#8221; header_2_font_size_last_edited=&#8221;on|phone&#8221; header_text_shadow_style=&#8221;preset2&#8243; global_colors_info=&#8221;{}&#8221;]<\/p>\n<h1>Nicky<\/h1>\n<h3>Feliwing&#8217;s I&#8217;m Too Dashing<\/h3>\n<p>[\/et_pb_text][\/et_pb_column][\/et_pb_row][\/et_pb_section][et_pb_section fb_built=&#8221;1&#8243; disabled_on=&#8221;off|off|off&#8221; admin_label=&#8221;Featured Project&#8221; _builder_version=&#8221;4.16&#8243; custom_padding=&#8221;3px||110px|||&#8221; global_colors_info=&#8221;{}&#8221;][et_pb_row column_structure=&#8221;1_2,1_2&#8243; admin_label=&#8221;Featured Project&#8221; _builder_version=&#8221;4.20.4&#8243; custom_padding=&#8221;86px|||||&#8221; global_colors_info=&#8221;{}&#8221;][et_pb_column type=&#8221;1_2&#8243; _builder_version=&#8221;4.16&#8243; custom_padding=&#8221;|||&#8221; global_colors_info=&#8221;{}&#8221; custom_padding__hover=&#8221;|||&#8221;][et_pb_text disabled_on=&#8221;off|off|off&#8221; admin_label=&#8221;Title&#8221; _builder_version=&#8221;4.24.3&#8243; text_font=&#8221;Montserrat|||on|||||&#8221; text_font_size=&#8221;16px&#8221; text_line_height=&#8221;1.8em&#8221; header_font=&#8221;||||||||&#8221; header_2_font=&#8221;Montserrat|600||on|||||&#8221; header_2_font_size=&#8221;30px&#8221; header_2_line_height=&#8221;1.5em&#8221; custom_margin=&#8221;||5px|&#8221; animation_style=&#8221;slide&#8221; animation_direction=&#8221;top&#8221; animation_intensity_slide=&#8221;20%&#8221; animation_starting_opacity=&#8221;100%&#8221; global_colors_info=&#8221;{}&#8221;]<\/p>\n<h5>LT JCH RTK1<\/h5>\n<h2>Feliwing&#8217;s I&#8217;m Too Dashing<\/h2>\n<p>Nicky<\/p>\n<p>[\/et_pb_text][et_pb_divider show_divider=&#8221;off&#8221; _builder_version=&#8221;4.16&#8243; max_width=&#8221;23px&#8221; module_alignment=&#8221;left&#8221; animation_style=&#8221;slide&#8221; animation_intensity_slide=&#8221;20%&#8221; animation_starting_opacity=&#8221;100%&#8221; locked=&#8221;off&#8221; global_colors_info=&#8221;{}&#8221;][\/et_pb_divider][et_pb_text _builder_version=&#8221;4.27.4&#8243; text_font=&#8221;||||||||&#8221; text_font_size=&#8221;16px&#8221; text_line_height=&#8221;1.8em&#8221; header_font=&#8221;||||||||&#8221; max_width=&#8221;90%&#8221; custom_margin=&#8221;|||&#8221; animation_style=&#8221;flip&#8221; animation_direction=&#8221;left&#8221; animation_intensity_flip=&#8221;30%&#8221; animation_starting_opacity=&#8221;100%&#8221; hover_enabled=&#8221;0&#8243; global_colors_info=&#8221;{}&#8221; sticky_enabled=&#8221;0&#8243;]<\/p>\n<p>s. 29.9.2021<br \/>soopeli <span style=\"color: #999999;\">\/ sable<\/span><br \/>shetlanninlammaskoirauros <span style=\"color: #999999;\">\/ Shetland sheepdog male<\/span><br \/>kasv. <span style=\"color: #999999;\">\/ breeder<\/span> Nataly Yl\u00f6nen, Mikkeli<br \/>om. <span style=\"color: #999999;\">\/ owner<\/span> Tiffani J., Mikkeli<br \/>36,5cm 7kg<\/p>\n<p>lonkat <span style=\"color: #999999;\">\/ hips<\/span>: B\/B<br \/>kyyn\u00e4r\u00e4t <span style=\"color: #999999;\">\/ elbows<\/span>: 0\/0<br \/>polvet <span style=\"color: #999999;\">\/ knees<\/span>: 0\/0<br \/>selk\u00e4 <span style=\"color: #999999;\">\/ spine<span style=\"color: #333333;\">: LTV0 VA0<\/span><\/span><br \/>syd\u00e4n <span style=\"color: #999999;\">\/ heart<\/span>: ei sivu\u00e4\u00e4ni\u00e4, oireeton<\/p>\n<p>silm\u00e4t <span style=\"color: #999999;\">\/ eyes<\/span>:<br \/>2021 &#8211; ei todettu perinn\u00f6llisi\u00e4 silm\u00e4sairauksia <span style=\"color: #999999;\">\/ clear<br \/><\/span>2023 &#8211; ei todettu perinn\u00f6llisi\u00e4 silm\u00e4sairauksia <span>\/ <span style=\"color: #999999;\">clear<\/span><\/span><\/p>\n<p>saksipurenta <span style=\"color: #999999;\"> \/ scissor bite<\/span><\/p>\n<p>[\/et_pb_text][et_pb_text _builder_version=&#8221;4.27.4&#8243; text_font=&#8221;||||||||&#8221; text_font_size=&#8221;16px&#8221; text_line_height=&#8221;1.8em&#8221; header_font=&#8221;||||||||&#8221; max_width=&#8221;90%&#8221; custom_margin=&#8221;|||&#8221; animation_style=&#8221;flip&#8221; animation_direction=&#8221;left&#8221; animation_intensity_flip=&#8221;30%&#8221; animation_starting_opacity=&#8221;100%&#8221; hover_enabled=&#8221;0&#8243; global_colors_info=&#8221;{}&#8221; sticky_enabled=&#8221;0&#8243; disabled_on=&#8221;on|on|on&#8221; disabled=&#8221;on&#8221;]<\/p>\n<p>s. 29.9.2021<br \/>soopeli <span style=\"color: #999999;\">\/ sable<\/span><br \/>shetlanninlammaskoirauros <span style=\"color: #999999;\">\/ Shetland sheepdog male<\/span><br \/>kasv. <span style=\"color: #999999;\">\/ breeder<\/span> Nataly Yl\u00f6nen, Mikkeli<br \/>om. <span style=\"color: #999999;\">\/ owner<\/span> Tiffani J., Mikkeli<br \/>36,5cm 7kg<\/p>\n<p>lonkat <span style=\"color: #999999;\">\/ hips<\/span>: B\/B<br \/>kyyn\u00e4r\u00e4t <span style=\"color: #999999;\">\/ elbows<\/span>: 0\/0<br \/>polvet <span style=\"color: #999999;\">\/ knees<\/span>: 0\/0<br \/>selk\u00e4 <span style=\"color: #999999;\">\/ spine<span style=\"color: #333333;\">: LTV0 VA0<\/span><\/span><br \/>syd\u00e4n <span style=\"color: #999999;\">\/ heart<\/span>: ei sivu\u00e4\u00e4ni\u00e4, oireeton<\/p>\n<p>silm\u00e4t <span style=\"color: #999999;\">\/ eyes<\/span>:<br \/>2021 &#8211; ei todettu perinn\u00f6llisi\u00e4 silm\u00e4sairauksia <span style=\"color: #999999;\">\/ clear<br \/><\/span>2023 &#8211; tutkitaan<\/p>\n<p>saksipurenta <span style=\"color: #999999;\"> \/ scissor bite<\/span><\/p>\n<p>Tarjolla jalostukseen harkitusti terveystarkastetuille nartuille. Jos olet kiinnostunut, ota yhteytt\u00e4 kasvattajaan: kennelfeliwings(at)gmail.com<\/p>\n<p><span style=\"color: #999999;\">Are you interested of using Nicky for your female? Contact the breeder for more information: kennelfeliwings(at)gmail.com<\/span><\/p>\n<p>[\/et_pb_text][et_pb_text _builder_version=&#8221;4.20.2&#8243; _module_preset=&#8221;default&#8221; global_colors_info=&#8221;{}&#8221;]<\/p>\n<p>is\u00e4 <span style=\"color: #999999;\">\/ father:<\/span><br \/>FI CH LT CH CY CH LT JCH<br \/>Feliwing&#8217;s Too Cute To Be True<\/p>\n<p>em\u00e4 \/ <span style=\"color: #999999;\">mother:<\/span><br \/>FI CH CY CH<br \/>Ihmetassun Diva With Dazzling Wings<\/p>\n<p><span style=\"color: #999999;\">Check out the pedigree:<\/span><\/p>\n<p>[\/et_pb_text][et_pb_button button_url=&#8221;https:\/\/jalostus.kennelliitto.fi\/frmKoira.aspx?RekNo=FI57597%2F21&#038;R=88&#8243; url_new_window=&#8221;on&#8221; button_text=&#8221;Koiranet&#8221; button_alignment=&#8221;left&#8221; _builder_version=&#8221;4.20.4&#8243; custom_button=&#8221;on&#8221; button_text_size=&#8221;16px&#8221; button_text_color=&#8221;#ffffff&#8221; button_bg_color=&#8221;#474747&#8243; button_border_width=&#8221;0px&#8221; button_letter_spacing=&#8221;2px&#8221; button_font=&#8221;Montserrat|600||on|||||&#8221; custom_margin=&#8221;|||&#8221; custom_padding=&#8221;12px||12px|&#8221; animation_style=&#8221;fade&#8221; animation_direction=&#8221;right&#8221; button_letter_spacing_hover=&#8221;2px&#8221; locked=&#8221;off&#8221; global_colors_info=&#8221;{}&#8221; button_text_size__hover_enabled=&#8221;off&#8221; button_one_text_size__hover_enabled=&#8221;off&#8221; button_two_text_size__hover_enabled=&#8221;off&#8221; button_text_color__hover_enabled=&#8221;off&#8221; button_one_text_color__hover_enabled=&#8221;off&#8221; button_two_text_color__hover_enabled=&#8221;off&#8221; button_border_width__hover_enabled=&#8221;off&#8221; button_one_border_width__hover_enabled=&#8221;off&#8221; button_two_border_width__hover_enabled=&#8221;off&#8221; button_border_color__hover_enabled=&#8221;off&#8221; button_one_border_color__hover_enabled=&#8221;off&#8221; button_two_border_color__hover_enabled=&#8221;off&#8221; button_border_radius__hover_enabled=&#8221;off&#8221; button_one_border_radius__hover_enabled=&#8221;off&#8221; button_two_border_radius__hover_enabled=&#8221;off&#8221; button_letter_spacing__hover_enabled=&#8221;on&#8221; button_letter_spacing__hover=&#8221;2px&#8221; button_one_letter_spacing__hover_enabled=&#8221;off&#8221; button_two_letter_spacing__hover_enabled=&#8221;off&#8221; button_bg_color__hover_enabled=&#8221;off&#8221; button_one_bg_color__hover_enabled=&#8221;off&#8221; button_two_bg_color__hover_enabled=&#8221;off&#8221;][\/et_pb_button][\/et_pb_column][et_pb_column type=&#8221;1_2&#8243; _builder_version=&#8221;4.16&#8243; custom_padding=&#8221;|||&#8221; global_colors_info=&#8221;{}&#8221; custom_padding__hover=&#8221;|||&#8221;][et_pb_image src=&#8221;https:\/\/www.feliwings.fi\/wp-content\/uploads\/2023\/05\/Mikkeli-rn-18.5.23-096.jpg&#8221; title_text=&#8221;Mikkeli rn 18.5.23-096&#8243; _builder_version=&#8221;4.21.0&#8243; _module_preset=&#8221;default&#8221; global_colors_info=&#8221;{}&#8221;][\/et_pb_image][et_pb_text _builder_version=&#8221;4.21.0&#8243; _module_preset=&#8221;default&#8221; min_height=&#8221;40.8px&#8221; custom_margin=&#8221;-25px||||false|false&#8221; global_colors_info=&#8221;{}&#8221;]<\/p>\n<p>Reilu 1,5v (c) Kerttu Luostarinen<\/p>\n<p>[\/et_pb_text][\/et_pb_column][\/et_pb_row][et_pb_row _builder_version=&#8221;4.18.0&#8243; _module_preset=&#8221;default&#8221; global_colors_info=&#8221;{}&#8221;][et_pb_column type=&#8221;4_4&#8243; _builder_version=&#8221;4.18.0&#8243; _module_preset=&#8221;default&#8221; global_colors_info=&#8221;{}&#8221;][et_pb_image src=&#8221;https:\/\/www.feliwings.fi\/wp-content\/uploads\/2023\/05\/Mikkeli-rn-18.5.23-109.jpg&#8221; title_text=&#8221;Mikkeli rn 18.5.23-109&#8243; _builder_version=&#8221;4.21.0&#8243; _module_preset=&#8221;default&#8221; global_colors_info=&#8221;{}&#8221;][\/et_pb_image][et_pb_text _builder_version=&#8221;4.21.0&#8243; _module_preset=&#8221;default&#8221; min_height=&#8221;40.8px&#8221; custom_margin=&#8221;-25px||||false|false&#8221; global_colors_info=&#8221;{}&#8221;]<\/p>\n<p>reilu 1,5v (c) Kerttu Luostarinen<\/p>\n<p>[\/et_pb_text][et_pb_image src=&#8221;https:\/\/www.feliwings.fi\/wp-content\/uploads\/2023\/05\/Mikkeli-rn-18.5.23-099.jpg&#8221; alt=&#8221;Nicky erkkarissa&#8221; title_text=&#8221;Mikkeli rn 18.5.23-099&#8243; _builder_version=&#8221;4.21.0&#8243; _module_preset=&#8221;default&#8221; global_colors_info=&#8221;{}&#8221;][\/et_pb_image][et_pb_text _builder_version=&#8221;4.21.0&#8243; _module_preset=&#8221;default&#8221; min_height=&#8221;40.8px&#8221; custom_margin=&#8221;-25px||||false|false&#8221; global_colors_info=&#8221;{}&#8221;]<\/p>\n<p>Reilu 1,5v (c) Kerttu Luostarinen<\/p>\n<p>[\/et_pb_text][\/et_pb_column][\/et_pb_row][et_pb_row _builder_version=&#8221;4.18.0&#8243; _module_preset=&#8221;default&#8221; global_colors_info=&#8221;{}&#8221;][et_pb_column type=&#8221;4_4&#8243; _builder_version=&#8221;4.18.0&#8243; _module_preset=&#8221;default&#8221; global_colors_info=&#8221;{}&#8221;][et_pb_image src=&#8221;https:\/\/www.feliwings.fi\/wp-content\/uploads\/2023\/04\/331954678_1081724553229567_8452648305331099927_n.jpg&#8221; title_text=&#8221;331954678_1081724553229567_8452648305331099927_n&#8221; _builder_version=&#8221;4.20.4&#8243; _module_preset=&#8221;default&#8221; global_colors_info=&#8221;{}&#8221;][\/et_pb_image][et_pb_text _builder_version=&#8221;4.20.4&#8243; _module_preset=&#8221;default&#8221; min_height=&#8221;40.8px&#8221; custom_margin=&#8221;-25px||||false|false&#8221; global_colors_info=&#8221;{}&#8221;]<\/p>\n<p>vajaa 1,5v (c) Tiffani Jylh\u00e4nniska<\/p>\n<p>[\/et_pb_text][et_pb_image src=&#8221;https:\/\/www.feliwings.fi\/wp-content\/uploads\/2023\/04\/340657457_752663046534005_6500423201300416850_n.jpg&#8221; alt=&#8221;Nicky erkkarissa&#8221; title_text=&#8221;340657457_752663046534005_6500423201300416850_n&#8221; _builder_version=&#8221;4.20.4&#8243; _module_preset=&#8221;default&#8221; global_colors_info=&#8221;{}&#8221;][\/et_pb_image][et_pb_text _builder_version=&#8221;4.20.4&#8243; _module_preset=&#8221;default&#8221; min_height=&#8221;40.8px&#8221; custom_margin=&#8221;-25px||||false|false&#8221; global_colors_info=&#8221;{}&#8221;]<\/p>\n<p>1,5v (c) Tessa Savonen<\/p>\n<p>[\/et_pb_text][et_pb_image src=&#8221;https:\/\/www.feliwings.fi\/wp-content\/uploads\/2023\/04\/319875707_1132605067616041_3056647195821265820_n.jpg&#8221; title_text=&#8221;319875707_1132605067616041_3056647195821265820_n&#8221; _builder_version=&#8221;4.20.4&#8243; _module_preset=&#8221;default&#8221; custom_padding=&#8221;||0px|||&#8221; global_colors_info=&#8221;{}&#8221;][\/et_pb_image][et_pb_text _builder_version=&#8221;4.20.4&#8243; _module_preset=&#8221;default&#8221; min_height=&#8221;40.8px&#8221; custom_margin=&#8221;-25px||||false|false&#8221; global_colors_info=&#8221;{}&#8221;]<\/p>\n<p>Nicky + Ninni-\u00e4iti ja Rio-is\u00e4 (c) Tiffani Jylh\u00e4nniska<\/p>\n<p>[\/et_pb_text][et_pb_image src=&#8221;https:\/\/www.feliwings.fi\/wp-content\/uploads\/2023\/04\/c-tiffani-30.7.2022-2.jpg&#8221; title_text=&#8221;(c) tiffani 30.7.2022 2&#8243; _builder_version=&#8221;4.20.4&#8243; _module_preset=&#8221;default&#8221; global_colors_info=&#8221;{}&#8221;][\/et_pb_image][et_pb_text _builder_version=&#8221;4.20.4&#8243; _module_preset=&#8221;default&#8221; min_height=&#8221;40.8px&#8221; custom_margin=&#8221;-25px||||false|false&#8221; global_colors_info=&#8221;{}&#8221;]<\/p>\n<p>10kk (c) Tiffani Jylh\u00e4nniska<\/p>\n<p>[\/et_pb_text][et_pb_image src=&#8221;https:\/\/www.feliwings.fi\/wp-content\/uploads\/2022\/01\/IMG-20211117-WA0003.jpg&#8221; alt=&#8221;Nicky&#8221; title_text=&#8221;IMG-20211117-WA0003&#8243; _builder_version=&#8221;4.20.4&#8243; global_colors_info=&#8221;{}&#8221;][\/et_pb_image][et_pb_text _builder_version=&#8221;4.18.0&#8243; _module_preset=&#8221;default&#8221; min_height=&#8221;40.8px&#8221; custom_margin=&#8221;-25px||||false|false&#8221; global_colors_info=&#8221;{}&#8221;]<\/p>\n<p>6,5vk (c) Kerttu Luostarinen<\/p>\n<p>[\/et_pb_text][\/et_pb_column][\/et_pb_row][et_pb_row column_structure=&#8221;1_2,1_2&#8243; _builder_version=&#8221;4.20.4&#8243; _module_preset=&#8221;default&#8221; global_colors_info=&#8221;{}&#8221;][et_pb_column type=&#8221;1_2&#8243; _builder_version=&#8221;4.20.4&#8243; _module_preset=&#8221;default&#8221; global_colors_info=&#8221;{}&#8221;][et_pb_text _builder_version=&#8221;4.20.4&#8243; _module_preset=&#8221;default&#8221; global_colors_info=&#8221;{}&#8221;]<\/p>\n<p><span>Geenitestit <span style=\"color: #999999;\">\/ gene tests<\/span><\/span><\/p>\n<p><span>CEA-kantaja <\/span><span><span style=\"color: #999999;\">\/ CEA-carrier<\/span><br \/>MDR-terve\u00a0<span style=\"color: #999999;\">\/ MRD-clear<\/span><br \/>PRA-CNGA1-terve\u00a0<span style=\"color: #999999;\">\/ PRA-CNGA1-clear<\/span><br \/>PRA-BBS2-terve\u00a0<span style=\"color: #999999;\">\/ PRA-BBS2-clear<\/span><br \/>vWD-III-terve <span style=\"color: #999999;\">\/ vWD-III-clear<br \/><span style=\"color: #333300;\">DM-terve<\/span> \/ DM-clear<\/span><\/span><\/p>\n<p>[\/et_pb_text][\/et_pb_column][et_pb_column type=&#8221;1_2&#8243; _builder_version=&#8221;4.20.4&#8243; _module_preset=&#8221;default&#8221; global_colors_info=&#8221;{}&#8221;][et_pb_text _builder_version=&#8221;4.24.3&#8243; _module_preset=&#8221;default&#8221; global_colors_info=&#8221;{}&#8221;]<\/p>\n<p>n\u00e4yttelyt Suomessa<span style=\"color: #999999;\"> \/ shows in Finland<\/span><br \/>ERI SA SERT VSP <span style=\"color: #999999;\">\/ EXC CQ CAC BOS<\/span><br \/>ERI SA J-SERT <span style=\"color: #999999;\">\/ EXC CQ JCAC<br \/><span style=\"color: #333333;\">PEK1 KP VSP-pentu<\/span> \/ BOS puppy with HP<\/span><span style=\"color: #999999;\"><br \/><\/span><span style=\"color: #999999;\"><\/span><\/p>\n<p>n\u00e4yttelyt ulkomailla <span style=\"color: #999999;\">\/ shows abroad<\/span><br \/>LT JCH<\/p>\n<p>rally-toko <span style=\"color: #999999;\">\/ rally-obedience<\/span><br \/>RTK1<\/p>\n<p>[\/et_pb_text][\/et_pb_column][\/et_pb_row][et_pb_row column_structure=&#8221;1_2,1_2&#8243; _builder_version=&#8221;4.21.0&#8243; _module_preset=&#8221;default&#8221; global_colors_info=&#8221;{}&#8221;][et_pb_column type=&#8221;1_2&#8243; _builder_version=&#8221;4.21.0&#8243; _module_preset=&#8221;default&#8221; global_colors_info=&#8221;{}&#8221;][et_pb_image src=&#8221;https:\/\/www.feliwings.fi\/wp-content\/uploads\/2022\/01\/IMG-20211117-WA0010.jpg&#8221; alt=&#8221;Nicky&#8221; title_text=&#8221;IMG-20211117-WA0010&#8243; _builder_version=&#8221;4.20.4&#8243; global_colors_info=&#8221;{}&#8221;][\/et_pb_image][et_pb_text _builder_version=&#8221;4.18.0&#8243; _module_preset=&#8221;default&#8221; min_height=&#8221;40.8px&#8221; custom_margin=&#8221;-25px||||false|false&#8221; global_colors_info=&#8221;{}&#8221;]<\/p>\n<p>6,5vk (c) Kerttu Luostarinen<\/p>\n<p>[\/et_pb_text][\/et_pb_column][et_pb_column type=&#8221;1_2&#8243; _builder_version=&#8221;4.21.0&#8243; _module_preset=&#8221;default&#8221; global_colors_info=&#8221;{}&#8221;][\/et_pb_column][\/et_pb_row][\/et_pb_section]<\/p>\n","protected":false},"excerpt":{"rendered":"<p>Nicky Feliwing&#8217;s I&#8217;m Too DashingLT JCH RTK1 Feliwing&#8217;s I&#8217;m Too Dashing Nickys. 29.9.2021soopeli \/ sableshetlanninlammaskoirauros \/ Shetland sheepdog malekasv. \/ breeder Nataly Yl\u00f6nen, Mikkeliom. \/ owner Tiffani J., Mikkeli36,5cm 7kg lonkat \/ hips: B\/Bkyyn\u00e4r\u00e4t \/ elbows: 0\/0polvet \/ knees: 0\/0selk\u00e4 \/ spine: LTV0 VA0syd\u00e4n \/ heart: ei sivu\u00e4\u00e4ni\u00e4, oireeton silm\u00e4t \/ eyes:2021 &#8211; ei todettu [&hellip;]<\/p>\n","protected":false},"author":1,"featured_media":0,"parent":0,"menu_order":0,"comment_status":"closed","ping_status":"closed","template":"","meta":{"_et_pb_use_builder":"on","_et_pb_old_content":"","_et_gb_content_width":"","footnotes":""},"class_list":["post-1267","page","type-page","status-publish","hentry"],"_links":{"self":[{"href":"https:\/\/www.feliwings.fi\/index.php\/wp-json\/wp\/v2\/pages\/1267","targetHints":{"allow":["GET"]}}],"collection":[{"href":"https:\/\/www.feliwings.fi\/index.php\/wp-json\/wp\/v2\/pages"}],"about":[{"href":"https:\/\/www.feliwings.fi\/index.php\/wp-json\/wp\/v2\/types\/page"}],"author":[{"embeddable":true,"href":"https:\/\/www.feliwings.fi\/index.php\/wp-json\/wp\/v2\/users\/1"}],"replies":[{"embeddable":true,"href":"https:\/\/www.feliwings.fi\/index.php\/wp-json\/wp\/v2\/comments?post=1267"}],"version-history":[{"count":14,"href":"https:\/\/www.feliwings.fi\/index.php\/wp-json\/wp\/v2\/pages\/1267\/revisions"}],"predecessor-version":[{"id":1660,"href":"https:\/\/www.feliwings.fi\/index.php\/wp-json\/wp\/v2\/pages\/1267\/revisions\/1660"}],"wp:attachment":[{"href":"https:\/\/www.feliwings.fi\/index.php\/wp-json\/wp\/v2\/media?parent=1267"}],"curies":[{"name":"wp","href":"https:\/\/api.w.org\/{rel}","templated":true}]}}